{"id":1344,"date":"2015-05-31T15:15:06","date_gmt":"2015-05-31T14:15:06","guid":{"rendered":"https:\/\/www.metral-fruits.com\/en\/qualite-et-station\/"},"modified":"2016-08-04T14:57:54","modified_gmt":"2016-08-04T13:57:54","slug":"quality-and-packing-house","status":"publish","type":"page","link":"https:\/\/www.metral-fruits.com\/en\/quality-and-packing-house\/","title":{"rendered":"Quality and Packing house"},"content":{"rendered":"\n<style type=\"text\/css\" data-created_by=\"avia_inline_auto\" id=\"style-css-av-av_section-b17b62244131b8ad5e2a637ca2948e54\">\n.avia-section.av-av_section-b17b62244131b8ad5e2a637ca2948e54{\nbackground-repeat:no-repeat;\nbackground-image:url(https:\/\/www.metral-fruits.com\/wp-content\/uploads\/2014\/08\/MF_Header_Entreprise-1.jpg);\nbackground-position:50% 0%;\nbackground-attachment:fixed;\n}\n<\/style>\n<div id='av_section_1'  class='avia-section av-av_section-b17b62244131b8ad5e2a637ca2948e54 main_color avia-section-large avia-no-shadow  avia-builder-el-0  el_before_av_section  avia-builder-el-first  avia-bg-style-fixed container_wrap fullsize'  data-section-bg-repeat='no-repeat'><div class='container av-section-cont-open' ><main  role=\"main\" itemprop=\"mainContentOfPage\"  class='template-page content  av-content-full alpha units'><div class='post-entry post-entry-type-page post-entry-1344'><div class='entry-content-wrapper clearfix'>\n\n<style type=\"text\/css\" data-created_by=\"avia_inline_auto\" id=\"style-css-av-av_heading-76bffa2b77b606a7930be7cb6643d872\">\n#top .av-special-heading.av-av_heading-76bffa2b77b606a7930be7cb6643d872{\npadding-bottom:0;\ncolor:#ffffff;\nfont-size:50px;\n}\nbody .av-special-heading.av-av_heading-76bffa2b77b606a7930be7cb6643d872 .av-special-heading-tag .heading-char{\nfont-size:25px;\n}\n#top #wrap_all .av-special-heading.av-av_heading-76bffa2b77b606a7930be7cb6643d872 .av-special-heading-tag{\nfont-size:50px;\n}\n.av-special-heading.av-av_heading-76bffa2b77b606a7930be7cb6643d872 .special-heading-inner-border{\nborder-color:#ffffff;\n}\n.av-special-heading.av-av_heading-76bffa2b77b606a7930be7cb6643d872 .av-subheading{\nfont-size:15px;\n}\n\n@media only screen and (min-width: 480px) and (max-width: 767px){ \n#top #wrap_all .av-special-heading.av-av_heading-76bffa2b77b606a7930be7cb6643d872 .av-special-heading-tag{\nfont-size:0.8em;\n}\n}\n\n@media only screen and (max-width: 479px){ \n#top #wrap_all .av-special-heading.av-av_heading-76bffa2b77b606a7930be7cb6643d872 .av-special-heading-tag{\nfont-size:0.8em;\n}\n}\n<\/style>\n<div  class='av-special-heading av-av_heading-76bffa2b77b606a7930be7cb6643d872 av-special-heading-h3 custom-color-heading blockquote modern-quote modern-centered  avia-builder-el-1  el_before_av_hr  avia-builder-el-first  av-inherit-size'><h3 class='av-special-heading-tag '  itemprop=\"headline\"  >Quality and Packing house<\/h3><div class=\"special-heading-border\"><div class=\"special-heading-inner-border\"><\/div><\/div><\/div>\n\n<style type=\"text\/css\" data-created_by=\"avia_inline_auto\" id=\"style-css-av-av_hr-d26bc57f0c6fc73d60edf7912d09881c\">\n#top .hr.av-av_hr-d26bc57f0c6fc73d60edf7912d09881c{\nmargin-top:30px;\nmargin-bottom:30px;\n}\n.hr.av-av_hr-d26bc57f0c6fc73d60edf7912d09881c .hr-inner{\nwidth:20%;\nborder-color:rgba(255,255,255,0.76);\nmax-width:45%;\n}\n.hr.av-av_hr-d26bc57f0c6fc73d60edf7912d09881c .av-seperator-icon{\ncolor:#ffffff;\n}\n.hr.av-av_hr-d26bc57f0c6fc73d60edf7912d09881c .av-seperator-icon.avia-svg-icon svg:first-child{\nfill:#ffffff;\nstroke:#ffffff;\n}\n<\/style>\n<div  class='hr av-av_hr-d26bc57f0c6fc73d60edf7912d09881c hr-custom  avia-builder-el-2  el_after_av_heading  avia-builder-el-last  hr-center hr-icon-yes'><span class='hr-inner inner-border-av-border-thin'><span class=\"hr-inner-style\"><\/span><\/span><span class='av-seperator-icon avia-iconfont avia-font-entypo-fontello' data-av_icon='\ue8bf' data-av_iconfont='entypo-fontello' ><\/span><span class='hr-inner inner-border-av-border-thin'><span class=\"hr-inner-style\"><\/span><\/span><\/div>\n<\/div><\/div><\/main><!-- close content main element --><\/div><\/div><div id='av_section_2'  class='avia-section av-av_section-b001219e74ae2461ab104eabac48a238 main_color avia-section-small avia-no-border-styling  avia-builder-el-3  el_after_av_section  avia-builder-el-last  avia-bg-style-fixed container_wrap fullsize'  ><div class='container av-section-cont-open' ><div class='template-page content  av-content-full alpha units'><div class='post-entry post-entry-type-page post-entry-1344'><div class='entry-content-wrapper clearfix'>\n<div class='flex_column_table av-av_two_third-5f3168a51d5fa576b4e7522cc28bd779 sc-av_two_third av-equal-height-column-flextable'>\n<style type=\"text\/css\" data-created_by=\"avia_inline_auto\" id=\"style-css-av-av_two_third-5f3168a51d5fa576b4e7522cc28bd779\">\n#top .flex_column_table.av-equal-height-column-flextable.av-av_two_third-5f3168a51d5fa576b4e7522cc28bd779{\nmargin-top:-60px;\nmargin-bottom:0px;\n}\n.flex_column.av-av_two_third-5f3168a51d5fa576b4e7522cc28bd779{\nborder-radius:0px 0px 0px 0px;\npadding:30px 30px 30px 30px;\nbackground-color:#ffffff;\n}\n<\/style>\n<div  class='flex_column av-av_two_third-5f3168a51d5fa576b4e7522cc28bd779 av_two_third  avia-builder-el-4  el_before_av_one_third  avia-builder-el-first  first no_margin flex_column_table_cell av-equal-height-column av-align-top  '     ><p>\n<style type=\"text\/css\" data-created_by=\"avia_inline_auto\" id=\"style-css-av-av_heading-d175f8e5fceca6ab43dd17dfdf55f27d\">\n#top .av-special-heading.av-av_heading-d175f8e5fceca6ab43dd17dfdf55f27d{\npadding-bottom:20px;\n}\nbody .av-special-heading.av-av_heading-d175f8e5fceca6ab43dd17dfdf55f27d .av-special-heading-tag .heading-char{\nfont-size:25px;\n}\n.av-special-heading.av-av_heading-d175f8e5fceca6ab43dd17dfdf55f27d .av-subheading{\nfont-size:15px;\n}\n<\/style>\n<div  class='av-special-heading av-av_heading-d175f8e5fceca6ab43dd17dfdf55f27d av-special-heading-h3 blockquote modern-quote  avia-builder-el-5  el_before_av_hr  avia-builder-el-first '><h3 class='av-special-heading-tag '  itemprop=\"headline\"  >Packing house<\/h3><div class=\"special-heading-border\"><div class=\"special-heading-inner-border\"><\/div><\/div><\/div><br \/>\n\n<style type=\"text\/css\" data-created_by=\"avia_inline_auto\" id=\"style-css-av-av_hr-25b986c9f873cae2771f94194b72bbed\">\n#top .hr.hr-invisible.av-av_hr-25b986c9f873cae2771f94194b72bbed{\nheight:15px;\n}\n<\/style>\n<div  class='hr av-av_hr-25b986c9f873cae2771f94194b72bbed hr-invisible  avia-builder-el-6  el_after_av_heading  el_before_av_masonry_gallery  avia-builder-el-last '><span class='hr-inner '><span class=\"hr-inner-style\"><\/span><\/span><\/div><br \/>\n<br \/>\n\n<style type=\"text\/css\" data-created_by=\"avia_inline_auto\" id=\"style-css-av-av_hr-8f8f0e8e14ea09e84f7e352d9b3a3739\">\n#top .hr.av-av_hr-8f8f0e8e14ea09e84f7e352d9b3a3739{\nmargin-top:30px;\nmargin-bottom:30px;\n}\n.hr.av-av_hr-8f8f0e8e14ea09e84f7e352d9b3a3739 .hr-inner{\nwidth:45%;\nmax-width:45%;\n}\n<\/style>\n<div  class='hr av-av_hr-8f8f0e8e14ea09e84f7e352d9b3a3739 hr-custom  avia-builder-el-8  el_after_av_masonry_gallery  el_before_av_heading  avia-builder-el-first  hr-center hr-icon-yes'><span class='hr-inner inner-border-av-border-thin'><span class=\"hr-inner-style\"><\/span><\/span><span class='av-seperator-icon avia-iconfont avia-font-entypo-fontello' data-av_icon='\ue8bf' data-av_iconfont='entypo-fontello' ><\/span><span class='hr-inner inner-border-av-border-thin'><span class=\"hr-inner-style\"><\/span><\/span><\/div><br \/>\n\n<style type=\"text\/css\" data-created_by=\"avia_inline_auto\" id=\"style-css-av-av_heading-e992dd673747efb3548ed5a2b1e35be3\">\n#top .av-special-heading.av-av_heading-e992dd673747efb3548ed5a2b1e35be3{\npadding-bottom:20px;\n}\nbody .av-special-heading.av-av_heading-e992dd673747efb3548ed5a2b1e35be3 .av-special-heading-tag .heading-char{\nfont-size:25px;\n}\n.av-special-heading.av-av_heading-e992dd673747efb3548ed5a2b1e35be3 .av-subheading{\nfont-size:15px;\n}\n<\/style>\n<div  class='av-special-heading av-av_heading-e992dd673747efb3548ed5a2b1e35be3 av-special-heading-h3 blockquote modern-quote  avia-builder-el-9  el_after_av_hr  el_before_av_masonry_gallery  avia-builder-el-last '><h3 class='av-special-heading-tag '  itemprop=\"headline\"  >Quality Department<\/h3><div class=\"special-heading-border\"><div class=\"special-heading-inner-border\"><\/div><\/div><\/div><br \/>\n<br \/>\n<section  class='av_textblock_section av-av_textblock-0366cc7376be6c9e82a3e9cc8987b64f '   itemscope=\"itemscope\" itemtype=\"https:\/\/schema.org\/CreativeWork\" ><div class='avia_textblock'  itemprop=\"text\" ><p><strong>Our means\u00a0:<\/strong><\/p>\n<ul>\n<li>Control quality procedures.<\/li>\n<li>Constant testing of our products<\/li>\n<li>Control plans and analysis<\/li>\n<\/ul>\n<\/div><\/section><\/p><\/div>\n<style type=\"text\/css\" data-created_by=\"avia_inline_auto\" id=\"style-css-av-av_one_third-47f5da72e2cfecb3d29dbb47788beb8f\">\n#top .flex_column_table.av-equal-height-column-flextable.av-av_one_third-47f5da72e2cfecb3d29dbb47788beb8f{\nmargin-top:-60px;\nmargin-bottom:0px;\n}\n.flex_column.av-av_one_third-47f5da72e2cfecb3d29dbb47788beb8f{\nborder-radius:0px 0px 0px 0px;\npadding:30px 30px 30px 30px;\nbackground-color:#f0f0f0;\n}\n<\/style>\n<div  class='flex_column av-av_one_third-47f5da72e2cfecb3d29dbb47788beb8f av_one_third  avia-builder-el-12  el_after_av_two_third  avia-builder-el-last  no_margin flex_column_table_cell av-equal-height-column av-align-top  '     ><p>\n<style type=\"text\/css\" data-created_by=\"avia_inline_auto\" id=\"style-css-av-av_heading-acd591d3bc8d1cf465ae1913fa9ee84c\">\n#top .av-special-heading.av-av_heading-acd591d3bc8d1cf465ae1913fa9ee84c{\npadding-bottom:0;\n}\nbody .av-special-heading.av-av_heading-acd591d3bc8d1cf465ae1913fa9ee84c .av-special-heading-tag .heading-char{\nfont-size:25px;\n}\n.av-special-heading.av-av_heading-acd591d3bc8d1cf465ae1913fa9ee84c .av-subheading{\nfont-size:15px;\n}\n<\/style>\n<div  class='av-special-heading av-av_heading-acd591d3bc8d1cf465ae1913fa9ee84c av-special-heading-h3 blockquote modern-quote modern-centered  avia-builder-el-13  el_before_av_hr  avia-builder-el-first '><h3 class='av-special-heading-tag '  itemprop=\"headline\"  >Our certifications <span class='special_amp'>&#8220;<\/span>Packing house<span class='special_amp'>&#8221;<\/span><\/h3><div class=\"special-heading-border\"><div class=\"special-heading-inner-border\"><\/div><\/div><\/div><br \/>\n\n<style type=\"text\/css\" data-created_by=\"avia_inline_auto\" id=\"style-css-av-av_hr-e4c838639b2316d8cd016704adbeafc7\">\n#top .hr.hr-invisible.av-av_hr-e4c838639b2316d8cd016704adbeafc7{\nheight:50px;\n}\n<\/style>\n<div  class='hr av-av_hr-e4c838639b2316d8cd016704adbeafc7 hr-invisible  avia-builder-el-14  el_after_av_heading  el_before_av_icon_box '><span class='hr-inner '><span class=\"hr-inner-style\"><\/span><\/span><\/div><br \/>\n\n<style type=\"text\/css\" data-created_by=\"avia_inline_auto\" id=\"style-css-av-av_icon_box-c18021ebc89762fd9c4f90fec6471341\">\n.iconbox.av-av_icon_box-c18021ebc89762fd9c4f90fec6471341 .iconbox_icon{\nbackground-color:#83a846;\nborder:1px solid #cccccc;\ncolor:#ffffff;\n}\n.iconbox.av-av_icon_box-c18021ebc89762fd9c4f90fec6471341 .iconbox_icon.avia-svg-icon svg:first-child{\nfill:#ffffff;\nstroke:#ffffff;\n}\n<\/style>\n<article  class='iconbox iconbox_top av-av_icon_box-c18021ebc89762fd9c4f90fec6471341  avia-builder-el-15  el_after_av_hr  el_before_av_hr  main_color'  itemscope=\"itemscope\" itemtype=\"https:\/\/schema.org\/CreativeWork\" ><div class=\"iconbox_content\"><header class=\"entry-content-header\" aria-label=\"Icon: &lt;span style=&quot;font-size: 25px; line-height: 25px;&quot;&gt;BRC&lt;\/span&gt;&lt;br \/&gt;\n&lt;span style=&quot;font-size: 17px; line-height: 17px;&quot;&gt;British Retail Consortium&lt;\/span&gt;\"><div class='iconbox_icon heading-color avia-iconfont avia-font-entypo-fontello' data-av_icon='\ue80b' data-av_iconfont='entypo-fontello'  ><\/div><h3 class='iconbox_content_title '  itemprop=\"headline\" ><span style=\"font-size: 25px; line-height: 25px;\">BRC<\/span><br \/>\n<span style=\"font-size: 17px; line-height: 17px;\">British Retail Consortium<\/span><\/h3><\/header><div class='iconbox_content_container '  itemprop=\"text\" ><p><img loading=\"lazy\" decoding=\"async\" class=\"size-full wp-image-1100 aligncenter\" src=\"https:\/\/www.metral-fruits.com\/wp-content\/uploads\/2015\/05\/Logo_BRC.png\" alt=\"Logo_BRC\" width=\"160\" height=\"100\" \/><\/p>\n<p>The BRC (British Retail Consortium ), which ensures the food security of products to private label ( Brands Distributors) . This certification ensures our clients and end consumers that METRAL FRUIT control security issues and all the measures implemented to control the manufacturing process achieved its objectives.<\/p>\n<p>So METRAL FRUIT can ensure the safety, quality and environment-friendly production methods, for all its fruits.<\/p>\n<\/div><\/div><footer class=\"entry-footer\"><\/footer><\/article><br \/>\n\n<style type=\"text\/css\" data-created_by=\"avia_inline_auto\" id=\"style-css-av-av_hr-c814ca4f5cee0b7b3c6eb66b604e4c2c\">\n#top .hr.hr-invisible.av-av_hr-c814ca4f5cee0b7b3c6eb66b604e4c2c{\nheight:30px;\n}\n<\/style>\n<div  class='hr av-av_hr-c814ca4f5cee0b7b3c6eb66b604e4c2c hr-invisible  avia-builder-el-16  el_after_av_icon_box  el_before_av_icon_box '><span class='hr-inner '><span class=\"hr-inner-style\"><\/span><\/span><\/div><br \/>\n\n<style type=\"text\/css\" data-created_by=\"avia_inline_auto\" id=\"style-css-av-av_icon_box-c9e59aec4a4513e8e038fd279dd1fe54\">\n.iconbox.av-av_icon_box-c9e59aec4a4513e8e038fd279dd1fe54 .iconbox_icon{\nbackground-color:#83a846;\nborder:1px solid #cccccc;\ncolor:#ffffff;\n}\n.iconbox.av-av_icon_box-c9e59aec4a4513e8e038fd279dd1fe54 .iconbox_icon.avia-svg-icon svg:first-child{\nfill:#ffffff;\nstroke:#ffffff;\n}\n<\/style>\n<article  class='iconbox iconbox_top av-av_icon_box-c9e59aec4a4513e8e038fd279dd1fe54  avia-builder-el-17  el_after_av_hr  el_before_av_hr  main_color'  itemscope=\"itemscope\" itemtype=\"https:\/\/schema.org\/CreativeWork\" ><div class=\"iconbox_content\"><header class=\"entry-content-header\" aria-label=\"Icon: &lt;span style=&quot;font-size: 25px; line-height: 25px;&quot;&gt;FeL&lt;\/span&gt;&lt;br \/&gt;\n&lt;span style=&quot;font-size: 17px; line-height: 17px;&quot;&gt;PARTNERSHIP&lt;\/span&gt;\"><div class='iconbox_icon heading-color avia-iconfont avia-font-entypo-fontello' data-av_icon='\ue837' data-av_iconfont='entypo-fontello'  ><\/div><h3 class='iconbox_content_title '  itemprop=\"headline\" ><span style=\"font-size: 25px; line-height: 25px;\">FeL<\/span><br \/>\n<span style=\"font-size: 17px; line-height: 17px;\">PARTNERSHIP<\/span><\/h3><\/header><div class='iconbox_content_container '  itemprop=\"text\" ><p><img loading=\"lazy\" decoding=\"async\" class=\"size-full wp-image-1101 aligncenter\" src=\"https:\/\/www.metral-fruits.com\/wp-content\/uploads\/2015\/05\/Logo_FEL.png\" alt=\"Logo_FEL\" width=\"160\" height=\"100\" \/><\/p>\n<p>We are also accredited FEL&#8217;PARTENARIAT , quality self-checks approach specific to fresh fruit and vegetables.<\/p>\n<p>Packing house is approved by SELECTIVE PINK LADY\u00ae and TENTATION\u00ae distribution network. All our actions are controlled by independent and certified organization as COFRAC and UKAS<\/p>\n<\/div><\/div><footer class=\"entry-footer\"><\/footer><\/article><br \/>\n\n<style type=\"text\/css\" data-created_by=\"avia_inline_auto\" id=\"style-css-av-av_hr-c814ca4f5cee0b7b3c6eb66b604e4c2c\">\n#top .hr.hr-invisible.av-av_hr-c814ca4f5cee0b7b3c6eb66b604e4c2c{\nheight:30px;\n}\n<\/style>\n<div  class='hr av-av_hr-c814ca4f5cee0b7b3c6eb66b604e4c2c hr-invisible  avia-builder-el-18  el_after_av_icon_box  avia-builder-el-last '><span class='hr-inner '><span class=\"hr-inner-style\"><\/span><\/span><\/div><\/p><\/div><\/div><!--close column table wrapper. Autoclose: 1 --><\/p>\n","protected":false},"excerpt":{"rendered":"","protected":false},"author":1,"featured_media":0,"parent":0,"menu_order":0,"comment_status":"open","ping_status":"closed","template":"","meta":{"footnotes":""},"class_list":["post-1344","page","type-page","status-publish","hentry"],"yoast_head":"<!-- This site is optimized with the Yoast SEO plugin v27.3 - https:\/\/yoast.com\/product\/yoast-seo-wordpress\/ -->\n<title>Quality and Packing house - M\u00e9tral Fruits<\/title>\n<meta name=\"description\" content=\"Quality and Packing house at Metral Fruits\" \/>\n<meta name=\"robots\" content=\"index, follow, max-snippet:-1, max-image-preview:large, max-video-preview:-1\" \/>\n<link rel=\"canonical\" href=\"https:\/\/www.metral-fruits.com\/qualite-et-station\/\" \/>\n<meta property=\"og:locale\" content=\"en_US\" \/>\n<meta property=\"og:type\" content=\"article\" \/>\n<meta property=\"og:title\" content=\"Quality and Packing house - M\u00e9tral Fruits\" \/>\n<meta property=\"og:description\" content=\"Quality and Packing house at Metral Fruits\" \/>\n<meta property=\"og:url\" content=\"https:\/\/www.metral-fruits.com\/qualite-et-station\/\" \/>\n<meta property=\"og:site_name\" content=\"M\u00e9tral Fruits\" \/>\n<meta property=\"article:modified_time\" content=\"2016-08-04T13:57:54+00:00\" \/>\n<meta property=\"og:image\" content=\"https:\/\/www.metral-fruits.com\/wp-content\/uploads\/2015\/05\/Logo_BRC.png\" \/>\n<meta name=\"twitter:card\" content=\"summary_large_image\" \/>\n<meta name=\"twitter:label1\" content=\"Est. reading time\" \/>\n\t<meta name=\"twitter:data1\" content=\"5 minutes\" \/>\n<script type=\"application\/ld+json\" class=\"yoast-schema-graph\">{\"@context\":\"https:\\\/\\\/schema.org\",\"@graph\":[{\"@type\":\"WebPage\",\"@id\":\"https:\\\/\\\/www.metral-fruits.com\\\/qualite-et-station\\\/\",\"url\":\"https:\\\/\\\/www.metral-fruits.com\\\/qualite-et-station\\\/\",\"name\":\"Quality and Packing house - M\u00e9tral Fruits\",\"isPartOf\":{\"@id\":\"https:\\\/\\\/www.metral-fruits.com\\\/#website\"},\"primaryImageOfPage\":{\"@id\":\"https:\\\/\\\/www.metral-fruits.com\\\/qualite-et-station\\\/#primaryimage\"},\"image\":{\"@id\":\"https:\\\/\\\/www.metral-fruits.com\\\/qualite-et-station\\\/#primaryimage\"},\"thumbnailUrl\":\"https:\\\/\\\/www.metral-fruits.com\\\/wp-content\\\/uploads\\\/2015\\\/05\\\/Logo_BRC.png\",\"datePublished\":\"2015-05-31T14:15:06+00:00\",\"dateModified\":\"2016-08-04T13:57:54+00:00\",\"description\":\"Quality and Packing house at Metral Fruits\",\"breadcrumb\":{\"@id\":\"https:\\\/\\\/www.metral-fruits.com\\\/qualite-et-station\\\/#breadcrumb\"},\"inLanguage\":\"en-US\",\"potentialAction\":[{\"@type\":\"ReadAction\",\"target\":[\"https:\\\/\\\/www.metral-fruits.com\\\/qualite-et-station\\\/\"]}]},{\"@type\":\"ImageObject\",\"inLanguage\":\"en-US\",\"@id\":\"https:\\\/\\\/www.metral-fruits.com\\\/qualite-et-station\\\/#primaryimage\",\"url\":\"https:\\\/\\\/www.metral-fruits.com\\\/wp-content\\\/uploads\\\/2015\\\/05\\\/Logo_BRC.png\",\"contentUrl\":\"https:\\\/\\\/www.metral-fruits.com\\\/wp-content\\\/uploads\\\/2015\\\/05\\\/Logo_BRC.png\"},{\"@type\":\"BreadcrumbList\",\"@id\":\"https:\\\/\\\/www.metral-fruits.com\\\/qualite-et-station\\\/#breadcrumb\",\"itemListElement\":[{\"@type\":\"ListItem\",\"position\":1,\"name\":\"Accueil\",\"item\":\"https:\\\/\\\/www.metral-fruits.com\\\/en\\\/\"},{\"@type\":\"ListItem\",\"position\":2,\"name\":\"Quality and Packing house\"}]},{\"@type\":\"WebSite\",\"@id\":\"https:\\\/\\\/www.metral-fruits.com\\\/#website\",\"url\":\"https:\\\/\\\/www.metral-fruits.com\\\/\",\"name\":\"M\u00e9tral Fruits\",\"description\":\"Exp\u00e9diteur de fruits de la Vall\u00e9e du Rh\u00f4ne\",\"potentialAction\":[{\"@type\":\"SearchAction\",\"target\":{\"@type\":\"EntryPoint\",\"urlTemplate\":\"https:\\\/\\\/www.metral-fruits.com\\\/?s={search_term_string}\"},\"query-input\":{\"@type\":\"PropertyValueSpecification\",\"valueRequired\":true,\"valueName\":\"search_term_string\"}}],\"inLanguage\":\"en-US\"}]}<\/script>\n<!-- \/ Yoast SEO plugin. -->","yoast_head_json":{"title":"Quality and Packing house - M\u00e9tral Fruits","description":"Quality and Packing house at Metral Fruits","robots":{"index":"index","follow":"follow","max-snippet":"max-snippet:-1","max-image-preview":"max-image-preview:large","max-video-preview":"max-video-preview:-1"},"canonical":"https:\/\/www.metral-fruits.com\/qualite-et-station\/","og_locale":"en_US","og_type":"article","og_title":"Quality and Packing house - M\u00e9tral Fruits","og_description":"Quality and Packing house at Metral Fruits","og_url":"https:\/\/www.metral-fruits.com\/qualite-et-station\/","og_site_name":"M\u00e9tral Fruits","article_modified_time":"2016-08-04T13:57:54+00:00","og_image":[{"url":"https:\/\/www.metral-fruits.com\/wp-content\/uploads\/2015\/05\/Logo_BRC.png","type":"","width":"","height":""}],"twitter_card":"summary_large_image","twitter_misc":{"Est. reading time":"5 minutes"},"schema":{"@context":"https:\/\/schema.org","@graph":[{"@type":"WebPage","@id":"https:\/\/www.metral-fruits.com\/qualite-et-station\/","url":"https:\/\/www.metral-fruits.com\/qualite-et-station\/","name":"Quality and Packing house - M\u00e9tral Fruits","isPartOf":{"@id":"https:\/\/www.metral-fruits.com\/#website"},"primaryImageOfPage":{"@id":"https:\/\/www.metral-fruits.com\/qualite-et-station\/#primaryimage"},"image":{"@id":"https:\/\/www.metral-fruits.com\/qualite-et-station\/#primaryimage"},"thumbnailUrl":"https:\/\/www.metral-fruits.com\/wp-content\/uploads\/2015\/05\/Logo_BRC.png","datePublished":"2015-05-31T14:15:06+00:00","dateModified":"2016-08-04T13:57:54+00:00","description":"Quality and Packing house at Metral Fruits","breadcrumb":{"@id":"https:\/\/www.metral-fruits.com\/qualite-et-station\/#breadcrumb"},"inLanguage":"en-US","potentialAction":[{"@type":"ReadAction","target":["https:\/\/www.metral-fruits.com\/qualite-et-station\/"]}]},{"@type":"ImageObject","inLanguage":"en-US","@id":"https:\/\/www.metral-fruits.com\/qualite-et-station\/#primaryimage","url":"https:\/\/www.metral-fruits.com\/wp-content\/uploads\/2015\/05\/Logo_BRC.png","contentUrl":"https:\/\/www.metral-fruits.com\/wp-content\/uploads\/2015\/05\/Logo_BRC.png"},{"@type":"BreadcrumbList","@id":"https:\/\/www.metral-fruits.com\/qualite-et-station\/#breadcrumb","itemListElement":[{"@type":"ListItem","position":1,"name":"Accueil","item":"https:\/\/www.metral-fruits.com\/en\/"},{"@type":"ListItem","position":2,"name":"Quality and Packing house"}]},{"@type":"WebSite","@id":"https:\/\/www.metral-fruits.com\/#website","url":"https:\/\/www.metral-fruits.com\/","name":"M\u00e9tral Fruits","description":"Exp\u00e9diteur de fruits de la Vall\u00e9e du Rh\u00f4ne","potentialAction":[{"@type":"SearchAction","target":{"@type":"EntryPoint","urlTemplate":"https:\/\/www.metral-fruits.com\/?s={search_term_string}"},"query-input":{"@type":"PropertyValueSpecification","valueRequired":true,"valueName":"search_term_string"}}],"inLanguage":"en-US"}]}},"_links":{"self":[{"href":"https:\/\/www.metral-fruits.com\/en\/wp-json\/wp\/v2\/pages\/1344","targetHints":{"allow":["GET"]}}],"collection":[{"href":"https:\/\/www.metral-fruits.com\/en\/wp-json\/wp\/v2\/pages"}],"about":[{"href":"https:\/\/www.metral-fruits.com\/en\/wp-json\/wp\/v2\/types\/page"}],"author":[{"embeddable":true,"href":"https:\/\/www.metral-fruits.com\/en\/wp-json\/wp\/v2\/users\/1"}],"replies":[{"embeddable":true,"href":"https:\/\/www.metral-fruits.com\/en\/wp-json\/wp\/v2\/comments?post=1344"}],"version-history":[{"count":2,"href":"https:\/\/www.metral-fruits.com\/en\/wp-json\/wp\/v2\/pages\/1344\/revisions"}],"predecessor-version":[{"id":1416,"href":"https:\/\/www.metral-fruits.com\/en\/wp-json\/wp\/v2\/pages\/1344\/revisions\/1416"}],"wp:attachment":[{"href":"https:\/\/www.metral-fruits.com\/en\/wp-json\/wp\/v2\/media?parent=1344"}],"curies":[{"name":"wp","href":"https:\/\/api.w.org\/{rel}","templated":true}]}}