{"id":1338,"date":"2016-03-02T09:07:18","date_gmt":"2016-03-02T08:07:18","guid":{"rendered":"https:\/\/www.metral-fruits.com\/en\/pommes\/"},"modified":"2016-08-04T14:05:04","modified_gmt":"2016-08-04T13:05:04","slug":"apples","status":"publish","type":"page","link":"https:\/\/www.metral-fruits.com\/en\/apples\/","title":{"rendered":"Pommes"},"content":{"rendered":"\n<style type=\"text\/css\" data-created_by=\"avia_inline_auto\" id=\"style-css-av-av_section-fda059199575bd1f001a5301b72298ad\">\n.avia-section.av-av_section-fda059199575bd1f001a5301b72298ad{\nbackground-repeat:no-repeat;\nbackground-image:url(https:\/\/www.metral-fruits.com\/wp-content\/uploads\/2016\/06\/Bandeau_Pommes.jpg);\nbackground-position:50% 0%;\nbackground-attachment:fixed;\n}\n<\/style>\n<div id='av_section_1'  class='avia-section av-av_section-fda059199575bd1f001a5301b72298ad main_color avia-section-large avia-no-shadow  avia-builder-el-0  el_before_av_section  avia-builder-el-first  avia-bg-style-fixed container_wrap fullsize'  data-section-bg-repeat='no-repeat'><div class='container av-section-cont-open' ><main  role=\"main\" itemprop=\"mainContentOfPage\"  class='template-page content  av-content-full alpha units'><div class='post-entry post-entry-type-page post-entry-1338'><div class='entry-content-wrapper clearfix'>\n\n<style type=\"text\/css\" data-created_by=\"avia_inline_auto\" id=\"style-css-av-av_heading-1eaa5bfac21a8dfb8af8eaf9a0e7b577\">\n#top .av-special-heading.av-av_heading-1eaa5bfac21a8dfb8af8eaf9a0e7b577{\npadding-bottom:0;\ncolor:#ffffff;\nfont-size:50px;\n}\nbody .av-special-heading.av-av_heading-1eaa5bfac21a8dfb8af8eaf9a0e7b577 .av-special-heading-tag .heading-char{\nfont-size:25px;\n}\n#top #wrap_all .av-special-heading.av-av_heading-1eaa5bfac21a8dfb8af8eaf9a0e7b577 .av-special-heading-tag{\nfont-size:50px;\n}\n.av-special-heading.av-av_heading-1eaa5bfac21a8dfb8af8eaf9a0e7b577 .special-heading-inner-border{\nborder-color:#ffffff;\n}\n.av-special-heading.av-av_heading-1eaa5bfac21a8dfb8af8eaf9a0e7b577 .av-subheading{\nfont-size:15px;\n}\n\n@media only screen and (min-width: 480px) and (max-width: 767px){ \n#top #wrap_all .av-special-heading.av-av_heading-1eaa5bfac21a8dfb8af8eaf9a0e7b577 .av-special-heading-tag{\nfont-size:0.8em;\n}\n}\n\n@media only screen and (max-width: 479px){ \n#top #wrap_all .av-special-heading.av-av_heading-1eaa5bfac21a8dfb8af8eaf9a0e7b577 .av-special-heading-tag{\nfont-size:0.8em;\n}\n}\n<\/style>\n<div  class='av-special-heading av-av_heading-1eaa5bfac21a8dfb8af8eaf9a0e7b577 av-special-heading-h3 custom-color-heading blockquote modern-quote modern-centered  avia-builder-el-1  el_before_av_hr  avia-builder-el-first  av-inherit-size'><h3 class='av-special-heading-tag '  itemprop=\"headline\"  >Our Apples&#8230;<\/h3><div class=\"special-heading-border\"><div class=\"special-heading-inner-border\"><\/div><\/div><\/div>\n\n<style type=\"text\/css\" data-created_by=\"avia_inline_auto\" id=\"style-css-av-av_hr-d26bc57f0c6fc73d60edf7912d09881c\">\n#top .hr.av-av_hr-d26bc57f0c6fc73d60edf7912d09881c{\nmargin-top:30px;\nmargin-bottom:30px;\n}\n.hr.av-av_hr-d26bc57f0c6fc73d60edf7912d09881c .hr-inner{\nwidth:20%;\nborder-color:rgba(255,255,255,0.76);\nmax-width:45%;\n}\n.hr.av-av_hr-d26bc57f0c6fc73d60edf7912d09881c .av-seperator-icon{\ncolor:#ffffff;\n}\n.hr.av-av_hr-d26bc57f0c6fc73d60edf7912d09881c .av-seperator-icon.avia-svg-icon svg:first-child{\nfill:#ffffff;\nstroke:#ffffff;\n}\n<\/style>\n<div  class='hr av-av_hr-d26bc57f0c6fc73d60edf7912d09881c hr-custom  avia-builder-el-2  el_after_av_heading  avia-builder-el-last  hr-center hr-icon-yes'><span class='hr-inner inner-border-av-border-thin'><span class=\"hr-inner-style\"><\/span><\/span><span class='av-seperator-icon avia-iconfont avia-font-entypo-fontello' data-av_icon='\ue8bf' data-av_iconfont='entypo-fontello' ><\/span><span class='hr-inner inner-border-av-border-thin'><span class=\"hr-inner-style\"><\/span><\/span><\/div>\n<\/div><\/div><\/main><!-- close content main element --><\/div><\/div><div id='av_section_2'  class='avia-section av-av_section-b001219e74ae2461ab104eabac48a238 main_color avia-section-small avia-no-border-styling  avia-builder-el-3  el_after_av_section  avia-builder-el-last  avia-bg-style-fixed container_wrap fullsize'  ><div class='container av-section-cont-open' ><div class='template-page content  av-content-full alpha units'><div class='post-entry post-entry-type-page post-entry-1338'><div class='entry-content-wrapper clearfix'>\n<div class='flex_column_table av-av_two_third-5f3168a51d5fa576b4e7522cc28bd779 sc-av_two_third av-equal-height-column-flextable'>\n<style type=\"text\/css\" data-created_by=\"avia_inline_auto\" id=\"style-css-av-av_two_third-5f3168a51d5fa576b4e7522cc28bd779\">\n#top .flex_column_table.av-equal-height-column-flextable.av-av_two_third-5f3168a51d5fa576b4e7522cc28bd779{\nmargin-top:-60px;\nmargin-bottom:0px;\n}\n.flex_column.av-av_two_third-5f3168a51d5fa576b4e7522cc28bd779{\nborder-radius:0px 0px 0px 0px;\npadding:30px 30px 30px 30px;\nbackground-color:#ffffff;\n}\n<\/style>\n<div  class='flex_column av-av_two_third-5f3168a51d5fa576b4e7522cc28bd779 av_two_third  avia-builder-el-4  el_before_av_one_third  avia-builder-el-first  first no_margin flex_column_table_cell av-equal-height-column av-align-top  '     ><p>\n<style type=\"text\/css\" data-created_by=\"avia_inline_auto\" id=\"style-css-av-av_heading-3c19d382cb87e9951f8e6adb2252b0ca\">\n#top .av-special-heading.av-av_heading-3c19d382cb87e9951f8e6adb2252b0ca{\npadding-bottom:0;\n}\nbody .av-special-heading.av-av_heading-3c19d382cb87e9951f8e6adb2252b0ca .av-special-heading-tag .heading-char{\nfont-size:25px;\n}\n.av-special-heading.av-av_heading-3c19d382cb87e9951f8e6adb2252b0ca .av-subheading{\nfont-size:15px;\n}\n<\/style>\n<div  class='av-special-heading av-av_heading-3c19d382cb87e9951f8e6adb2252b0ca av-special-heading-h3 blockquote modern-quote modern-centered  avia-builder-el-5  el_before_av_hr  avia-builder-el-first '><h3 class='av-special-heading-tag '  itemprop=\"headline\"  >Our range of apples<\/h3><div class=\"special-heading-border\"><div class=\"special-heading-inner-border\"><\/div><\/div><\/div><br \/>\n\n<style type=\"text\/css\" data-created_by=\"avia_inline_auto\" id=\"style-css-av-av_hr-ad9154757838b85cac9f2424266b49a6\">\n#top .hr.av-av_hr-ad9154757838b85cac9f2424266b49a6{\nmargin-top:20px;\nmargin-bottom:20px;\n}\n.hr.av-av_hr-ad9154757838b85cac9f2424266b49a6 .hr-inner{\nwidth:45%;\nmax-width:45%;\n}\n<\/style>\n<div  class='hr av-av_hr-ad9154757838b85cac9f2424266b49a6 hr-custom  avia-builder-el-6  el_after_av_heading  el_before_av_masonry_gallery  avia-builder-el-last  hr-center hr-icon-yes'><span class='hr-inner inner-border-av-border-thin'><span class=\"hr-inner-style\"><\/span><\/span><span class='av-seperator-icon avia-iconfont avia-font-entypo-fontello' data-av_icon='\ue8bf' data-av_iconfont='entypo-fontello' ><\/span><span class='hr-inner inner-border-av-border-thin'><span class=\"hr-inner-style\"><\/span><\/span><\/div><br \/>\n<\/p><\/div>\n<style type=\"text\/css\" data-created_by=\"avia_inline_auto\" id=\"style-css-av-av_one_third-dfacb8d9d9bb3846574f801683c6d2f1\">\n#top .flex_column_table.av-equal-height-column-flextable.av-av_one_third-dfacb8d9d9bb3846574f801683c6d2f1{\nmargin-top:-60px;\nmargin-bottom:0px;\n}\n.flex_column.av-av_one_third-dfacb8d9d9bb3846574f801683c6d2f1{\nborder-radius:0px 0px 0px 0px;\npadding:30px 30px 30px 30px;\nbackground-color:#83a846;\n}\n<\/style>\n<div  class='flex_column av-av_one_third-dfacb8d9d9bb3846574f801683c6d2f1 av_one_third  avia-builder-el-8  el_after_av_two_third  avia-builder-el-last  no_margin flex_column_table_cell av-equal-height-column av-align-top  '     ><p>\n<style type=\"text\/css\" data-created_by=\"avia_inline_auto\" id=\"style-css-av-av_heading-01a34d70e7d3f3e7d35c28f3819291aa\">\n#top .av-special-heading.av-av_heading-01a34d70e7d3f3e7d35c28f3819291aa{\npadding-bottom:0;\ncolor:#ffffff;\n}\nbody .av-special-heading.av-av_heading-01a34d70e7d3f3e7d35c28f3819291aa .av-special-heading-tag .heading-char{\nfont-size:25px;\n}\n.av-special-heading.av-av_heading-01a34d70e7d3f3e7d35c28f3819291aa .special-heading-inner-border{\nborder-color:#ffffff;\n}\n.av-special-heading.av-av_heading-01a34d70e7d3f3e7d35c28f3819291aa .av-subheading{\nfont-size:15px;\n}\n<\/style>\n<div  class='av-special-heading av-av_heading-01a34d70e7d3f3e7d35c28f3819291aa av-special-heading-h3 custom-color-heading blockquote modern-quote  avia-builder-el-9  el_before_av_hr  avia-builder-el-first '><h3 class='av-special-heading-tag '  itemprop=\"headline\"  >Products <span class='special_amp'>&#8220;<\/span>M\u00e9tral Fruits<span class='special_amp'>&#8221;<\/span><\/h3><div class=\"special-heading-border\"><div class=\"special-heading-inner-border\"><\/div><\/div><\/div><br \/>\n\n<style type=\"text\/css\" data-created_by=\"avia_inline_auto\" id=\"style-css-av-av_hr-8ea68c06fe157f7107998f67dc95135e\">\n#top .hr.av-av_hr-8ea68c06fe157f7107998f67dc95135e{\nmargin-top:20px;\nmargin-bottom:20px;\n}\n.hr.av-av_hr-8ea68c06fe157f7107998f67dc95135e .hr-inner{\nwidth:45%;\nborder-color:#ffffff;\nmax-width:45%;\n}\n.hr.av-av_hr-8ea68c06fe157f7107998f67dc95135e .av-seperator-icon{\ncolor:#ffffff;\n}\n.hr.av-av_hr-8ea68c06fe157f7107998f67dc95135e .av-seperator-icon.avia-svg-icon svg:first-child{\nfill:#ffffff;\nstroke:#ffffff;\n}\n<\/style>\n<div  class='hr av-av_hr-8ea68c06fe157f7107998f67dc95135e hr-custom  avia-builder-el-10  el_after_av_heading  el_before_av_sidebar  hr-center hr-icon-yes'><span class='hr-inner inner-border-av-border-thin'><span class=\"hr-inner-style\"><\/span><\/span><span class='av-seperator-icon avia-iconfont avia-font-entypo-fontello' data-av_icon='\ue8bf' data-av_iconfont='entypo-fontello' ><\/span><span class='hr-inner inner-border-av-border-thin'><span class=\"hr-inner-style\"><\/span><\/span><\/div><br \/>\n<div  class='avia-builder-widget-area clearfix  avia-builder-el-11  el_after_av_hr  avia-builder-el-last '><section id=\"nav_menu-4\" class=\"widget clearfix widget_nav_menu\"><h3 class=\"widgettitle\">Nos produits :<\/h3><div class=\"menu-produits-anglais-container\"><ul id=\"menu-produits-anglais\" class=\"menu\"><li id=\"menu-item-1345\" class=\"menu-pomme menu-item menu-item-type-post_type menu-item-object-page menu-item-has-children menu-item-1345\"><a href=\"https:\/\/www.metral-fruits.com\/en\/apples\/\">Apples<\/a>\n<ul class=\"sub-menu\">\n\t<li id=\"menu-item-1346\" class=\"menu-item menu-item-type-post_type menu-item-object-page menu-item-1346\"><a href=\"https:\/\/www.metral-fruits.com\/en\/apples\/gala\/\">Gala<\/a><\/li>\n\t<li id=\"menu-item-1348\" class=\"menu-item menu-item-type-post_type menu-item-object-page menu-item-1348\"><a href=\"https:\/\/www.metral-fruits.com\/en\/apples\/golden\/\">Golden<\/a><\/li>\n\t<li id=\"menu-item-1347\" class=\"menu-item menu-item-type-post_type menu-item-object-page menu-item-1347\"><a href=\"https:\/\/www.metral-fruits.com\/en\/apples\/granny\/\">Granny<\/a><\/li>\n\t<li id=\"menu-item-1349\" class=\"menu-item menu-item-type-post_type menu-item-object-page menu-item-1349\"><a href=\"https:\/\/www.metral-fruits.com\/en\/apples\/rouges\/\">Rouges<\/a><\/li>\n\t<li id=\"menu-item-1350\" class=\"menu-item menu-item-type-post_type menu-item-object-page menu-item-1350\"><a href=\"https:\/\/www.metral-fruits.com\/en\/apples\/tentation\/\">Tentation<\/a><\/li>\n<\/ul>\n<\/li>\n<li id=\"menu-item-1351\" class=\"menu-fraise menu-item menu-item-type-post_type menu-item-object-page menu-item-1351\"><a href=\"https:\/\/www.metral-fruits.com\/en\/strawberries\/\">Strawberries<\/a><\/li>\n<li id=\"menu-item-1352\" class=\"menu-cerise menu-item menu-item-type-post_type menu-item-object-page menu-item-1352\"><a href=\"https:\/\/www.metral-fruits.com\/en\/cherries\/\">Cherries<\/a><\/li>\n<li id=\"menu-item-1353\" class=\"menu-peche menu-item menu-item-type-post_type menu-item-object-page menu-item-1353\"><a href=\"https:\/\/www.metral-fruits.com\/en\/peaches\/\">Peaches<\/a><\/li>\n<li id=\"menu-item-1354\" class=\"menu-nectarine menu-item menu-item-type-post_type menu-item-object-page menu-item-1354\"><a href=\"https:\/\/www.metral-fruits.com\/en\/nectarines\/\">Nectarines<\/a><\/li>\n<li id=\"menu-item-1355\" class=\"menu-abricots menu-item menu-item-type-post_type menu-item-object-page menu-item-1355\"><a href=\"https:\/\/www.metral-fruits.com\/en\/apricots\/\">Apricots<\/a><\/li>\n<\/ul><\/div><span class=\"seperator extralight-border\"><\/span><\/section><\/div><\/p><\/div><\/div><!--close column table wrapper. Autoclose: 1 --><\/p>\n","protected":false},"excerpt":{"rendered":"","protected":false},"author":1,"featured_media":0,"parent":0,"menu_order":0,"comment_status":"closed","ping_status":"closed","template":"","meta":{"footnotes":""},"class_list":["post-1338","page","type-page","status-publish","hentry"],"yoast_head":"<!-- This site is optimized with the Yoast SEO plugin v27.3 - https:\/\/yoast.com\/product\/yoast-seo-wordpress\/ -->\n<title>Pommes - M\u00e9tral Fruits<\/title>\n<meta name=\"description\" content=\"Pr\u00e9sentation des diff\u00e9rentes vari\u00e9t\u00e9s de pommes de l&#039;entreprise M\u00e9tral Fruits, soci\u00e9t\u00e9 sp\u00e9cialis\u00e9e dans la mise en march\u00e9 de fruits \u00e0 Salaise sur Sanne (38)\" \/>\n<meta name=\"robots\" content=\"index, follow, max-snippet:-1, max-image-preview:large, max-video-preview:-1\" \/>\n<link rel=\"canonical\" href=\"https:\/\/www.metral-fruits.com\/pommes\/\" \/>\n<meta property=\"og:locale\" content=\"en_US\" \/>\n<meta property=\"og:type\" content=\"article\" \/>\n<meta property=\"og:title\" content=\"Pommes - M\u00e9tral Fruits\" \/>\n<meta property=\"og:description\" content=\"Pr\u00e9sentation des diff\u00e9rentes vari\u00e9t\u00e9s de pommes de l&#039;entreprise M\u00e9tral Fruits, soci\u00e9t\u00e9 sp\u00e9cialis\u00e9e dans la mise en march\u00e9 de fruits \u00e0 Salaise sur Sanne (38)\" \/>\n<meta property=\"og:url\" content=\"https:\/\/www.metral-fruits.com\/pommes\/\" \/>\n<meta property=\"og:site_name\" content=\"M\u00e9tral Fruits\" \/>\n<meta property=\"article:modified_time\" content=\"2016-08-04T13:05:04+00:00\" \/>\n<meta name=\"twitter:card\" content=\"summary_large_image\" \/>\n<meta name=\"twitter:label1\" content=\"Est. reading time\" \/>\n\t<meta name=\"twitter:data1\" content=\"3 minutes\" \/>\n<script type=\"application\/ld+json\" class=\"yoast-schema-graph\">{\"@context\":\"https:\\\/\\\/schema.org\",\"@graph\":[{\"@type\":\"WebPage\",\"@id\":\"https:\\\/\\\/www.metral-fruits.com\\\/pommes\\\/\",\"url\":\"https:\\\/\\\/www.metral-fruits.com\\\/pommes\\\/\",\"name\":\"Pommes - M\u00e9tral Fruits\",\"isPartOf\":{\"@id\":\"https:\\\/\\\/www.metral-fruits.com\\\/#website\"},\"datePublished\":\"2016-03-02T08:07:18+00:00\",\"dateModified\":\"2016-08-04T13:05:04+00:00\",\"description\":\"Pr\u00e9sentation des diff\u00e9rentes vari\u00e9t\u00e9s de pommes de l'entreprise M\u00e9tral Fruits, soci\u00e9t\u00e9 sp\u00e9cialis\u00e9e dans la mise en march\u00e9 de fruits \u00e0 Salaise sur Sanne (38)\",\"breadcrumb\":{\"@id\":\"https:\\\/\\\/www.metral-fruits.com\\\/pommes\\\/#breadcrumb\"},\"inLanguage\":\"en-US\",\"potentialAction\":[{\"@type\":\"ReadAction\",\"target\":[\"https:\\\/\\\/www.metral-fruits.com\\\/pommes\\\/\"]}]},{\"@type\":\"BreadcrumbList\",\"@id\":\"https:\\\/\\\/www.metral-fruits.com\\\/pommes\\\/#breadcrumb\",\"itemListElement\":[{\"@type\":\"ListItem\",\"position\":1,\"name\":\"Accueil\",\"item\":\"https:\\\/\\\/www.metral-fruits.com\\\/en\\\/\"},{\"@type\":\"ListItem\",\"position\":2,\"name\":\"Pommes\"}]},{\"@type\":\"WebSite\",\"@id\":\"https:\\\/\\\/www.metral-fruits.com\\\/#website\",\"url\":\"https:\\\/\\\/www.metral-fruits.com\\\/\",\"name\":\"M\u00e9tral Fruits\",\"description\":\"Exp\u00e9diteur de fruits de la Vall\u00e9e du Rh\u00f4ne\",\"potentialAction\":[{\"@type\":\"SearchAction\",\"target\":{\"@type\":\"EntryPoint\",\"urlTemplate\":\"https:\\\/\\\/www.metral-fruits.com\\\/?s={search_term_string}\"},\"query-input\":{\"@type\":\"PropertyValueSpecification\",\"valueRequired\":true,\"valueName\":\"search_term_string\"}}],\"inLanguage\":\"en-US\"}]}<\/script>\n<!-- \/ Yoast SEO plugin. -->","yoast_head_json":{"title":"Pommes - M\u00e9tral Fruits","description":"Pr\u00e9sentation des diff\u00e9rentes vari\u00e9t\u00e9s de pommes de l'entreprise M\u00e9tral Fruits, soci\u00e9t\u00e9 sp\u00e9cialis\u00e9e dans la mise en march\u00e9 de fruits \u00e0 Salaise sur Sanne (38)","robots":{"index":"index","follow":"follow","max-snippet":"max-snippet:-1","max-image-preview":"max-image-preview:large","max-video-preview":"max-video-preview:-1"},"canonical":"https:\/\/www.metral-fruits.com\/pommes\/","og_locale":"en_US","og_type":"article","og_title":"Pommes - M\u00e9tral Fruits","og_description":"Pr\u00e9sentation des diff\u00e9rentes vari\u00e9t\u00e9s de pommes de l'entreprise M\u00e9tral Fruits, soci\u00e9t\u00e9 sp\u00e9cialis\u00e9e dans la mise en march\u00e9 de fruits \u00e0 Salaise sur Sanne (38)","og_url":"https:\/\/www.metral-fruits.com\/pommes\/","og_site_name":"M\u00e9tral Fruits","article_modified_time":"2016-08-04T13:05:04+00:00","twitter_card":"summary_large_image","twitter_misc":{"Est. reading time":"3 minutes"},"schema":{"@context":"https:\/\/schema.org","@graph":[{"@type":"WebPage","@id":"https:\/\/www.metral-fruits.com\/pommes\/","url":"https:\/\/www.metral-fruits.com\/pommes\/","name":"Pommes - M\u00e9tral Fruits","isPartOf":{"@id":"https:\/\/www.metral-fruits.com\/#website"},"datePublished":"2016-03-02T08:07:18+00:00","dateModified":"2016-08-04T13:05:04+00:00","description":"Pr\u00e9sentation des diff\u00e9rentes vari\u00e9t\u00e9s de pommes de l'entreprise M\u00e9tral Fruits, soci\u00e9t\u00e9 sp\u00e9cialis\u00e9e dans la mise en march\u00e9 de fruits \u00e0 Salaise sur Sanne (38)","breadcrumb":{"@id":"https:\/\/www.metral-fruits.com\/pommes\/#breadcrumb"},"inLanguage":"en-US","potentialAction":[{"@type":"ReadAction","target":["https:\/\/www.metral-fruits.com\/pommes\/"]}]},{"@type":"BreadcrumbList","@id":"https:\/\/www.metral-fruits.com\/pommes\/#breadcrumb","itemListElement":[{"@type":"ListItem","position":1,"name":"Accueil","item":"https:\/\/www.metral-fruits.com\/en\/"},{"@type":"ListItem","position":2,"name":"Pommes"}]},{"@type":"WebSite","@id":"https:\/\/www.metral-fruits.com\/#website","url":"https:\/\/www.metral-fruits.com\/","name":"M\u00e9tral Fruits","description":"Exp\u00e9diteur de fruits de la Vall\u00e9e du Rh\u00f4ne","potentialAction":[{"@type":"SearchAction","target":{"@type":"EntryPoint","urlTemplate":"https:\/\/www.metral-fruits.com\/?s={search_term_string}"},"query-input":{"@type":"PropertyValueSpecification","valueRequired":true,"valueName":"search_term_string"}}],"inLanguage":"en-US"}]}},"_links":{"self":[{"href":"https:\/\/www.metral-fruits.com\/en\/wp-json\/wp\/v2\/pages\/1338","targetHints":{"allow":["GET"]}}],"collection":[{"href":"https:\/\/www.metral-fruits.com\/en\/wp-json\/wp\/v2\/pages"}],"about":[{"href":"https:\/\/www.metral-fruits.com\/en\/wp-json\/wp\/v2\/types\/page"}],"author":[{"embeddable":true,"href":"https:\/\/www.metral-fruits.com\/en\/wp-json\/wp\/v2\/users\/1"}],"replies":[{"embeddable":true,"href":"https:\/\/www.metral-fruits.com\/en\/wp-json\/wp\/v2\/comments?post=1338"}],"version-history":[{"count":2,"href":"https:\/\/www.metral-fruits.com\/en\/wp-json\/wp\/v2\/pages\/1338\/revisions"}],"predecessor-version":[{"id":1381,"href":"https:\/\/www.metral-fruits.com\/en\/wp-json\/wp\/v2\/pages\/1338\/revisions\/1381"}],"wp:attachment":[{"href":"https:\/\/www.metral-fruits.com\/en\/wp-json\/wp\/v2\/media?parent=1338"}],"curies":[{"name":"wp","href":"https:\/\/api.w.org\/{rel}","templated":true}]}}