{"id":1337,"date":"2016-03-02T09:08:57","date_gmt":"2016-03-02T08:08:57","guid":{"rendered":"https:\/\/www.metral-fruits.com\/en\/peches\/"},"modified":"2016-08-04T14:37:26","modified_gmt":"2016-08-04T13:37:26","slug":"peaches","status":"publish","type":"page","link":"https:\/\/www.metral-fruits.com\/en\/peaches\/","title":{"rendered":"Peaches"},"content":{"rendered":"\n<style type=\"text\/css\" data-created_by=\"avia_inline_auto\" id=\"style-css-av-av_section-37c3369f7c51c04e533aaf59b40849ae\">\n.avia-section.av-av_section-37c3369f7c51c04e533aaf59b40849ae{\nbackground-repeat:no-repeat;\nbackground-image:url(https:\/\/www.metral-fruits.com\/wp-content\/uploads\/2016\/03\/MF_Header_Nectarine.jpg);\nbackground-position:50% 0%;\nbackground-attachment:fixed;\n}\n<\/style>\n<div id='av_section_1'  class='avia-section av-av_section-37c3369f7c51c04e533aaf59b40849ae main_color avia-section-large avia-no-shadow  avia-builder-el-0  el_before_av_section  avia-builder-el-first  avia-bg-style-fixed container_wrap fullsize'  data-section-bg-repeat='no-repeat'><div class='container av-section-cont-open' ><main  role=\"main\" itemprop=\"mainContentOfPage\"  class='template-page content  av-content-full alpha units'><div class='post-entry post-entry-type-page post-entry-1337'><div class='entry-content-wrapper clearfix'>\n\n<style type=\"text\/css\" data-created_by=\"avia_inline_auto\" id=\"style-css-av-av_heading-b4add0293c8aec4d2e0c570e5f75f3ed\">\n#top .av-special-heading.av-av_heading-b4add0293c8aec4d2e0c570e5f75f3ed{\npadding-bottom:0;\ncolor:#ffffff;\nfont-size:50px;\n}\nbody .av-special-heading.av-av_heading-b4add0293c8aec4d2e0c570e5f75f3ed .av-special-heading-tag .heading-char{\nfont-size:25px;\n}\n#top #wrap_all .av-special-heading.av-av_heading-b4add0293c8aec4d2e0c570e5f75f3ed .av-special-heading-tag{\nfont-size:50px;\n}\n.av-special-heading.av-av_heading-b4add0293c8aec4d2e0c570e5f75f3ed .special-heading-inner-border{\nborder-color:#ffffff;\n}\n.av-special-heading.av-av_heading-b4add0293c8aec4d2e0c570e5f75f3ed .av-subheading{\nfont-size:15px;\n}\n\n@media only screen and (min-width: 480px) and (max-width: 767px){ \n#top #wrap_all .av-special-heading.av-av_heading-b4add0293c8aec4d2e0c570e5f75f3ed .av-special-heading-tag{\nfont-size:0.8em;\n}\n}\n\n@media only screen and (max-width: 479px){ \n#top #wrap_all .av-special-heading.av-av_heading-b4add0293c8aec4d2e0c570e5f75f3ed .av-special-heading-tag{\nfont-size:0.8em;\n}\n}\n<\/style>\n<div  class='av-special-heading av-av_heading-b4add0293c8aec4d2e0c570e5f75f3ed av-special-heading-h3 custom-color-heading blockquote modern-quote modern-centered  avia-builder-el-1  el_before_av_hr  avia-builder-el-first  av-inherit-size'><h3 class='av-special-heading-tag '  itemprop=\"headline\"  >Peaches<\/h3><div class=\"special-heading-border\"><div class=\"special-heading-inner-border\"><\/div><\/div><\/div>\n\n<style type=\"text\/css\" data-created_by=\"avia_inline_auto\" id=\"style-css-av-av_hr-d26bc57f0c6fc73d60edf7912d09881c\">\n#top .hr.av-av_hr-d26bc57f0c6fc73d60edf7912d09881c{\nmargin-top:30px;\nmargin-bottom:30px;\n}\n.hr.av-av_hr-d26bc57f0c6fc73d60edf7912d09881c .hr-inner{\nwidth:20%;\nborder-color:rgba(255,255,255,0.76);\nmax-width:45%;\n}\n.hr.av-av_hr-d26bc57f0c6fc73d60edf7912d09881c .av-seperator-icon{\ncolor:#ffffff;\n}\n.hr.av-av_hr-d26bc57f0c6fc73d60edf7912d09881c .av-seperator-icon.avia-svg-icon svg:first-child{\nfill:#ffffff;\nstroke:#ffffff;\n}\n<\/style>\n<div  class='hr av-av_hr-d26bc57f0c6fc73d60edf7912d09881c hr-custom  avia-builder-el-2  el_after_av_heading  avia-builder-el-last  hr-center hr-icon-yes'><span class='hr-inner inner-border-av-border-thin'><span class=\"hr-inner-style\"><\/span><\/span><span class='av-seperator-icon avia-iconfont avia-font-entypo-fontello' data-av_icon='\ue8bf' data-av_iconfont='entypo-fontello' ><\/span><span class='hr-inner inner-border-av-border-thin'><span class=\"hr-inner-style\"><\/span><\/span><\/div>\n<\/div><\/div><\/main><!-- close content main element --><\/div><\/div><div id='av_section_2'  class='avia-section av-av_section-b001219e74ae2461ab104eabac48a238 main_color avia-section-small avia-no-border-styling  avia-builder-el-3  el_after_av_section  avia-builder-el-last  avia-bg-style-fixed container_wrap fullsize'  ><div class='container av-section-cont-open' ><div class='template-page content  av-content-full alpha units'><div class='post-entry post-entry-type-page post-entry-1337'><div class='entry-content-wrapper clearfix'>\n<div class='flex_column_table av-av_one_third-5f3168a51d5fa576b4e7522cc28bd779 sc-av_one_third av-equal-height-column-flextable'>\n<style type=\"text\/css\" data-created_by=\"avia_inline_auto\" id=\"style-css-av-av_one_third-5f3168a51d5fa576b4e7522cc28bd779\">\n#top .flex_column_table.av-equal-height-column-flextable.av-av_one_third-5f3168a51d5fa576b4e7522cc28bd779{\nmargin-top:-60px;\nmargin-bottom:0px;\n}\n.flex_column.av-av_one_third-5f3168a51d5fa576b4e7522cc28bd779{\nborder-radius:0px 0px 0px 0px;\npadding:30px 30px 30px 30px;\nbackground-color:#ffffff;\n}\n<\/style>\n<div  class='flex_column av-av_one_third-5f3168a51d5fa576b4e7522cc28bd779 av_one_third  avia-builder-el-4  el_before_av_one_third  avia-builder-el-first  first no_margin flex_column_table_cell av-equal-height-column av-align-top  '     ><p>\n<style type=\"text\/css\" data-created_by=\"avia_inline_auto\" id=\"style-css-av-av_heading-8e109b4d674a7b719b5fd8b6dbbba52f\">\n#top .av-special-heading.av-av_heading-8e109b4d674a7b719b5fd8b6dbbba52f{\npadding-bottom:0;\n}\nbody .av-special-heading.av-av_heading-8e109b4d674a7b719b5fd8b6dbbba52f .av-special-heading-tag .heading-char{\nfont-size:25px;\n}\n.av-special-heading.av-av_heading-8e109b4d674a7b719b5fd8b6dbbba52f .av-subheading{\nfont-size:15px;\n}\n<\/style>\n<div  class='av-special-heading av-av_heading-8e109b4d674a7b719b5fd8b6dbbba52f av-special-heading-h3 blockquote modern-quote  avia-builder-el-5  el_before_av_hr  avia-builder-el-first '><h3 class='av-special-heading-tag '  itemprop=\"headline\"  >Our Peaches<\/h3><div class=\"special-heading-border\"><div class=\"special-heading-inner-border\"><\/div><\/div><\/div><br \/>\n\n<style type=\"text\/css\" data-created_by=\"avia_inline_auto\" id=\"style-css-av-av_hr-ad9154757838b85cac9f2424266b49a6\">\n#top .hr.av-av_hr-ad9154757838b85cac9f2424266b49a6{\nmargin-top:20px;\nmargin-bottom:20px;\n}\n.hr.av-av_hr-ad9154757838b85cac9f2424266b49a6 .hr-inner{\nwidth:45%;\nmax-width:45%;\n}\n<\/style>\n<div  class='hr av-av_hr-ad9154757838b85cac9f2424266b49a6 hr-custom  avia-builder-el-6  el_after_av_heading  el_before_av_textblock  hr-center hr-icon-yes'><span class='hr-inner inner-border-av-border-thin'><span class=\"hr-inner-style\"><\/span><\/span><span class='av-seperator-icon avia-iconfont avia-font-entypo-fontello' data-av_icon='\ue8bf' data-av_iconfont='entypo-fontello' ><\/span><span class='hr-inner inner-border-av-border-thin'><span class=\"hr-inner-style\"><\/span><\/span><\/div><br \/>\n<section  class='av_textblock_section av-av_textblock-0366cc7376be6c9e82a3e9cc8987b64f '   itemscope=\"itemscope\" itemtype=\"https:\/\/schema.org\/CreativeWork\" ><div class='avia_textblock'  itemprop=\"text\" ><p><strong>&#8211; Varieties: <\/strong>peaches white and yellow flesh<\/p>\n<\/div><\/section><br \/>\n<section  class='av_textblock_section av-av_textblock-0366cc7376be6c9e82a3e9cc8987b64f '   itemscope=\"itemscope\" itemtype=\"https:\/\/schema.org\/CreativeWork\" ><div class='avia_textblock'  itemprop=\"text\" ><p><strong>\u00a0&#8211; Season :<\/strong>\u00a0 June to September<\/p>\n<\/div><\/section><br \/>\n<section  class='av_textblock_section av-av_textblock-0366cc7376be6c9e82a3e9cc8987b64f '   itemscope=\"itemscope\" itemtype=\"https:\/\/schema.org\/CreativeWork\" ><div class='avia_textblock'  itemprop=\"text\" ><p><strong>\u00a0&#8211; Annual Volume:<\/strong> 3000 Tons<\/p>\n<\/div><\/section><br \/>\n<section  class='av_textblock_section av-av_textblock-0366cc7376be6c9e82a3e9cc8987b64f '   itemscope=\"itemscope\" itemtype=\"https:\/\/schema.org\/CreativeWork\" ><div class='avia_textblock'  itemprop=\"text\" ><p><strong>\u00a0&#8211; Production area:<\/strong> Gard and Dr\u00f4me<\/p>\n<\/div><\/section><br \/>\n\n<style type=\"text\/css\" data-created_by=\"avia_inline_auto\" id=\"style-css-av-av_hr-ad9154757838b85cac9f2424266b49a6\">\n#top .hr.av-av_hr-ad9154757838b85cac9f2424266b49a6{\nmargin-top:20px;\nmargin-bottom:20px;\n}\n.hr.av-av_hr-ad9154757838b85cac9f2424266b49a6 .hr-inner{\nwidth:45%;\nmax-width:45%;\n}\n<\/style>\n<div  class='hr av-av_hr-ad9154757838b85cac9f2424266b49a6 hr-custom  avia-builder-el-11  el_after_av_textblock  el_before_av_icon_box  hr-center hr-icon-yes'><span class='hr-inner inner-border-av-border-thin'><span class=\"hr-inner-style\"><\/span><\/span><span class='av-seperator-icon avia-iconfont avia-font-entypo-fontello' data-av_icon='\ue8bf' data-av_iconfont='entypo-fontello' ><\/span><span class='hr-inner inner-border-av-border-thin'><span class=\"hr-inner-style\"><\/span><\/span><\/div><br \/>\n\n<style type=\"text\/css\" data-created_by=\"avia_inline_auto\" id=\"style-css-av-av_icon_box-570619b2526565df527fd62d37f1da3e\">\n.iconbox.av-av_icon_box-570619b2526565df527fd62d37f1da3e .iconbox_icon{\ncolor:#83a846;\n}\n.iconbox.av-av_icon_box-570619b2526565df527fd62d37f1da3e .iconbox_icon.avia-svg-icon svg:first-child{\nfill:#83a846;\nstroke:#83a846;\n}\n#top #wrap_all .iconbox.av-av_icon_box-570619b2526565df527fd62d37f1da3e .iconbox_content_title{\ncolor:#8e8e8e;\n}\n.iconbox.av-av_icon_box-570619b2526565df527fd62d37f1da3e .iconbox_content_container{\ncolor:#7a7a7a;\n}\n<\/style>\n<article  class='iconbox iconbox_left av-av_icon_box-570619b2526565df527fd62d37f1da3e  avia-builder-el-12  el_after_av_hr  avia-builder-el-last '  itemscope=\"itemscope\" itemtype=\"https:\/\/schema.org\/CreativeWork\" ><div class=\"iconbox_content\"><header class=\"entry-content-header\" aria-label=\"Icon: Download Product Info\"><a href='#' title='Download Product Info' aria-label='Download Product Info'  target=\"_blank\"  rel=\"noopener noreferrer\" class='iconbox_icon heading-color avia-iconfont avia-font-entypo-fontello' data-av_icon='\ue82d' data-av_iconfont='entypo-fontello' title=\"Download Product Info\" desc=\"Download Product Info\" ><\/a><h3 class='iconbox_content_title '  itemprop=\"headline\" ><a href='#' title='Download Product Info'  target=\"_blank\"  rel=\"noopener noreferrer\">Download Product Info<\/a><\/h3><\/header><div class='iconbox_content_container av_inherit_color'  itemprop=\"text\" ><\/div><\/div><footer class=\"entry-footer\"><\/footer><\/article><\/p><\/div>\n<style type=\"text\/css\" data-created_by=\"avia_inline_auto\" id=\"style-css-av-av_one_third-a456fd61927d1e2e9f32f09496263404\">\n#top .flex_column_table.av-equal-height-column-flextable.av-av_one_third-a456fd61927d1e2e9f32f09496263404{\nmargin-top:-60px;\nmargin-bottom:0px;\n}\n.flex_column.av-av_one_third-a456fd61927d1e2e9f32f09496263404{\nborder-radius:0px 0px 0px 0px;\npadding:30px 30px 30px 30px;\nbackground-color:#ffffff;\n}\n<\/style>\n<div  class='flex_column av-av_one_third-a456fd61927d1e2e9f32f09496263404 av_one_third  avia-builder-el-13  el_after_av_one_third  el_before_av_one_third  no_margin flex_column_table_cell av-equal-height-column av-align-top  '     ><style type=\"text\/css\" data-created_by=\"avia_inline_auto\" id=\"style-css-av-av_gallery-e667c80c47e88197cba52a3339c933bb\">\n#top .avia-gallery.av-av_gallery-e667c80c47e88197cba52a3339c933bb .avia-gallery-thumb a{\nwidth:20%;\n}\n<\/style>\n<div  class='avia-gallery av-av_gallery-e667c80c47e88197cba52a3339c933bb avia_animate_when_visible  avia-builder-el-14  avia-builder-el-no-sibling  avia_lazyload av-slideshow-ui av-loop-manual-endless av-control-hidden av-navigate-arrows av-navigate-dots hover-effect av-control-hidden avia-gallery-animate avia-gallery-1'  itemprop=\"image\" itemscope=\"itemscope\" itemtype=\"https:\/\/schema.org\/ImageObject\" ><meta itemprop=\"contentURL\" content=\"https:\/\/www.metral-fruits.com\/en\/peaches\/\"><a class='avia-gallery-big fakeLightbox lightbox avia-gallery-big-crop-thumb ' href=\"https:\/\/www.metral-fruits.com\/wp-content\/uploads\/2016\/03\/peche.jpg\"  data-onclick='1' title='\u00c0 chair tr\u00e8s blanches pour pur\u00e9e<\/br> P\u00eaches sanguines et p\u00eaches de vignes<\/br> D\u00e9noyaut\u00e9s en quartier' ><span class='avia-gallery-big-inner'  itemprop=\"thumbnailUrl\" ><img fetchpriority=\"high\" class=\"wp-image-843 avia-img-lazy-loading-not-843\"  width='400' height='267' src='https:\/\/www.metral-fruits.com\/wp-content\/uploads\/2016\/03\/peche.jpg' title='P\u00eaches' alt='' \/><span class='avia-gallery-caption'>\u00c0 chair tr\u00e8s blanches pour pur\u00e9e<\/br> P\u00eaches sanguines et p\u00eaches de vignes<\/br> D\u00e9noyaut\u00e9s en quartier<\/span><\/span><\/a><div class='avia-gallery-thumb'><a href=\"https:\/\/www.metral-fruits.com\/wp-content\/uploads\/2016\/03\/peche.jpg\" data-rel='gallery-1' data-prev-img='https:\/\/www.metral-fruits.com\/wp-content\/uploads\/2016\/03\/peche.jpg' class='first_thumb lightbox ' data-onclick='1' title='\u00c0 chair tr\u00e8s blanches pour pur\u00e9e<\/br> P\u00eaches sanguines et p\u00eaches de vignes<\/br> D\u00e9noyaut\u00e9s en quartier'  itemprop=\"thumbnailUrl\"  ><img fetchpriority=\"high\" class=\"wp-image-843 avia-img-lazy-loading-not-843\"  data-avia-tooltip='\u00c0 chair tr\u00e8s blanches pour pur\u00e9e<\/br> P\u00eaches sanguines et p\u00eaches de vignes<\/br> D\u00e9noyaut\u00e9s en quartier' src='https:\/\/www.metral-fruits.com\/wp-content\/uploads\/2016\/03\/peche-260x185.jpg' width='260' height='185'  title='P\u00eaches' alt='' \/><div class='big-prev-fake'><img loading=\"lazy\" class=\"wp-image-843 avia-img-lazy-loading-843\"  width='400' height='267' src='https:\/\/www.metral-fruits.com\/wp-content\/uploads\/2016\/03\/peche.jpg' title='P\u00eaches' alt='' \/><\/div><\/a><\/div><\/div><\/div>\n<style type=\"text\/css\" data-created_by=\"avia_inline_auto\" id=\"style-css-av-av_one_third-dfacb8d9d9bb3846574f801683c6d2f1\">\n#top .flex_column_table.av-equal-height-column-flextable.av-av_one_third-dfacb8d9d9bb3846574f801683c6d2f1{\nmargin-top:-60px;\nmargin-bottom:0px;\n}\n.flex_column.av-av_one_third-dfacb8d9d9bb3846574f801683c6d2f1{\nborder-radius:0px 0px 0px 0px;\npadding:30px 30px 30px 30px;\nbackground-color:#83a846;\n}\n<\/style>\n<div  class='flex_column av-av_one_third-dfacb8d9d9bb3846574f801683c6d2f1 av_one_third  avia-builder-el-15  el_after_av_one_third  avia-builder-el-last  no_margin flex_column_table_cell av-equal-height-column av-align-top  '     ><p>\n<style type=\"text\/css\" data-created_by=\"avia_inline_auto\" id=\"style-css-av-av_heading-01a34d70e7d3f3e7d35c28f3819291aa\">\n#top .av-special-heading.av-av_heading-01a34d70e7d3f3e7d35c28f3819291aa{\npadding-bottom:0;\ncolor:#ffffff;\n}\nbody .av-special-heading.av-av_heading-01a34d70e7d3f3e7d35c28f3819291aa .av-special-heading-tag .heading-char{\nfont-size:25px;\n}\n.av-special-heading.av-av_heading-01a34d70e7d3f3e7d35c28f3819291aa .special-heading-inner-border{\nborder-color:#ffffff;\n}\n.av-special-heading.av-av_heading-01a34d70e7d3f3e7d35c28f3819291aa .av-subheading{\nfont-size:15px;\n}\n<\/style>\n<div  class='av-special-heading av-av_heading-01a34d70e7d3f3e7d35c28f3819291aa av-special-heading-h3 custom-color-heading blockquote modern-quote  avia-builder-el-16  el_before_av_hr  avia-builder-el-first '><h3 class='av-special-heading-tag '  itemprop=\"headline\"  >Products <span class='special_amp'>&#8220;<\/span>M\u00e9tral Fruits<span class='special_amp'>&#8221;<\/span><\/h3><div class=\"special-heading-border\"><div class=\"special-heading-inner-border\"><\/div><\/div><\/div><br \/>\n\n<style type=\"text\/css\" data-created_by=\"avia_inline_auto\" id=\"style-css-av-av_hr-8ea68c06fe157f7107998f67dc95135e\">\n#top .hr.av-av_hr-8ea68c06fe157f7107998f67dc95135e{\nmargin-top:20px;\nmargin-bottom:20px;\n}\n.hr.av-av_hr-8ea68c06fe157f7107998f67dc95135e .hr-inner{\nwidth:45%;\nborder-color:#ffffff;\nmax-width:45%;\n}\n.hr.av-av_hr-8ea68c06fe157f7107998f67dc95135e .av-seperator-icon{\ncolor:#ffffff;\n}\n.hr.av-av_hr-8ea68c06fe157f7107998f67dc95135e .av-seperator-icon.avia-svg-icon svg:first-child{\nfill:#ffffff;\nstroke:#ffffff;\n}\n<\/style>\n<div  class='hr av-av_hr-8ea68c06fe157f7107998f67dc95135e hr-custom  avia-builder-el-17  el_after_av_heading  el_before_av_sidebar  hr-center hr-icon-yes'><span class='hr-inner inner-border-av-border-thin'><span class=\"hr-inner-style\"><\/span><\/span><span class='av-seperator-icon avia-iconfont avia-font-entypo-fontello' data-av_icon='\ue8bf' data-av_iconfont='entypo-fontello' ><\/span><span class='hr-inner inner-border-av-border-thin'><span class=\"hr-inner-style\"><\/span><\/span><\/div><br \/>\n<div  class='avia-builder-widget-area clearfix  avia-builder-el-18  el_after_av_hr  avia-builder-el-last '><section id=\"nav_menu-4\" class=\"widget clearfix widget_nav_menu\"><h3 class=\"widgettitle\">Nos produits :<\/h3><div class=\"menu-produits-anglais-container\"><ul id=\"menu-produits-anglais\" class=\"menu\"><li id=\"menu-item-1345\" class=\"menu-pomme menu-item menu-item-type-post_type menu-item-object-page menu-item-has-children menu-item-1345\"><a href=\"https:\/\/www.metral-fruits.com\/en\/apples\/\">Apples<\/a>\n<ul class=\"sub-menu\">\n\t<li id=\"menu-item-1346\" class=\"menu-item menu-item-type-post_type menu-item-object-page menu-item-1346\"><a href=\"https:\/\/www.metral-fruits.com\/en\/apples\/gala\/\">Gala<\/a><\/li>\n\t<li id=\"menu-item-1348\" class=\"menu-item menu-item-type-post_type menu-item-object-page menu-item-1348\"><a href=\"https:\/\/www.metral-fruits.com\/en\/apples\/golden\/\">Golden<\/a><\/li>\n\t<li id=\"menu-item-1347\" class=\"menu-item menu-item-type-post_type menu-item-object-page menu-item-1347\"><a href=\"https:\/\/www.metral-fruits.com\/en\/apples\/granny\/\">Granny<\/a><\/li>\n\t<li id=\"menu-item-1349\" class=\"menu-item menu-item-type-post_type menu-item-object-page menu-item-1349\"><a href=\"https:\/\/www.metral-fruits.com\/en\/apples\/rouges\/\">Rouges<\/a><\/li>\n\t<li id=\"menu-item-1350\" class=\"menu-item menu-item-type-post_type menu-item-object-page menu-item-1350\"><a href=\"https:\/\/www.metral-fruits.com\/en\/apples\/tentation\/\">Tentation<\/a><\/li>\n<\/ul>\n<\/li>\n<li id=\"menu-item-1351\" class=\"menu-fraise menu-item menu-item-type-post_type menu-item-object-page menu-item-1351\"><a href=\"https:\/\/www.metral-fruits.com\/en\/strawberries\/\">Strawberries<\/a><\/li>\n<li id=\"menu-item-1352\" class=\"menu-cerise menu-item menu-item-type-post_type menu-item-object-page menu-item-1352\"><a href=\"https:\/\/www.metral-fruits.com\/en\/cherries\/\">Cherries<\/a><\/li>\n<li id=\"menu-item-1353\" class=\"menu-peche menu-item menu-item-type-post_type menu-item-object-page menu-item-1353\"><a href=\"https:\/\/www.metral-fruits.com\/en\/peaches\/\">Peaches<\/a><\/li>\n<li id=\"menu-item-1354\" class=\"menu-nectarine menu-item menu-item-type-post_type menu-item-object-page menu-item-1354\"><a href=\"https:\/\/www.metral-fruits.com\/en\/nectarines\/\">Nectarines<\/a><\/li>\n<li id=\"menu-item-1355\" class=\"menu-abricots menu-item menu-item-type-post_type menu-item-object-page menu-item-1355\"><a href=\"https:\/\/www.metral-fruits.com\/en\/apricots\/\">Apricots<\/a><\/li>\n<\/ul><\/div><span class=\"seperator extralight-border\"><\/span><\/section><\/div><\/p><\/div><\/div><!--close column table wrapper. Autoclose: 1 --><\/p>\n","protected":false},"excerpt":{"rendered":"","protected":false},"author":1,"featured_media":0,"parent":0,"menu_order":0,"comment_status":"closed","ping_status":"closed","template":"","meta":{"footnotes":""},"class_list":["post-1337","page","type-page","status-publish","hentry"],"yoast_head":"<!-- This site is optimized with the Yoast SEO plugin v27.3 - https:\/\/yoast.com\/product\/yoast-seo-wordpress\/ -->\n<title>Peaches - M\u00e9tral Fruits<\/title>\n<meta name=\"description\" content=\"Our Peaches\" \/>\n<meta name=\"robots\" content=\"index, follow, max-snippet:-1, max-image-preview:large, max-video-preview:-1\" \/>\n<link rel=\"canonical\" href=\"https:\/\/www.metral-fruits.com\/peches\/\" \/>\n<meta property=\"og:locale\" content=\"en_US\" \/>\n<meta property=\"og:type\" content=\"article\" \/>\n<meta property=\"og:title\" content=\"Peaches - M\u00e9tral Fruits\" \/>\n<meta property=\"og:description\" content=\"Our Peaches\" \/>\n<meta property=\"og:url\" content=\"https:\/\/www.metral-fruits.com\/peches\/\" \/>\n<meta property=\"og:site_name\" content=\"M\u00e9tral Fruits\" \/>\n<meta property=\"article:modified_time\" content=\"2016-08-04T13:37:26+00:00\" \/>\n<meta name=\"twitter:card\" content=\"summary_large_image\" \/>\n<meta name=\"twitter:label1\" content=\"Est. reading time\" \/>\n\t<meta name=\"twitter:data1\" content=\"4 minutes\" \/>\n<script type=\"application\/ld+json\" class=\"yoast-schema-graph\">{\"@context\":\"https:\\\/\\\/schema.org\",\"@graph\":[{\"@type\":\"WebPage\",\"@id\":\"https:\\\/\\\/www.metral-fruits.com\\\/peches\\\/\",\"url\":\"https:\\\/\\\/www.metral-fruits.com\\\/peches\\\/\",\"name\":\"Peaches - M\u00e9tral Fruits\",\"isPartOf\":{\"@id\":\"https:\\\/\\\/www.metral-fruits.com\\\/#website\"},\"datePublished\":\"2016-03-02T08:08:57+00:00\",\"dateModified\":\"2016-08-04T13:37:26+00:00\",\"description\":\"Our Peaches\",\"breadcrumb\":{\"@id\":\"https:\\\/\\\/www.metral-fruits.com\\\/peches\\\/#breadcrumb\"},\"inLanguage\":\"en-US\",\"potentialAction\":[{\"@type\":\"ReadAction\",\"target\":[\"https:\\\/\\\/www.metral-fruits.com\\\/peches\\\/\"]}]},{\"@type\":\"BreadcrumbList\",\"@id\":\"https:\\\/\\\/www.metral-fruits.com\\\/peches\\\/#breadcrumb\",\"itemListElement\":[{\"@type\":\"ListItem\",\"position\":1,\"name\":\"Accueil\",\"item\":\"https:\\\/\\\/www.metral-fruits.com\\\/en\\\/\"},{\"@type\":\"ListItem\",\"position\":2,\"name\":\"Peaches\"}]},{\"@type\":\"WebSite\",\"@id\":\"https:\\\/\\\/www.metral-fruits.com\\\/#website\",\"url\":\"https:\\\/\\\/www.metral-fruits.com\\\/\",\"name\":\"M\u00e9tral Fruits\",\"description\":\"Exp\u00e9diteur de fruits de la Vall\u00e9e du Rh\u00f4ne\",\"potentialAction\":[{\"@type\":\"SearchAction\",\"target\":{\"@type\":\"EntryPoint\",\"urlTemplate\":\"https:\\\/\\\/www.metral-fruits.com\\\/?s={search_term_string}\"},\"query-input\":{\"@type\":\"PropertyValueSpecification\",\"valueRequired\":true,\"valueName\":\"search_term_string\"}}],\"inLanguage\":\"en-US\"}]}<\/script>\n<!-- \/ Yoast SEO plugin. -->","yoast_head_json":{"title":"Peaches - M\u00e9tral Fruits","description":"Our Peaches","robots":{"index":"index","follow":"follow","max-snippet":"max-snippet:-1","max-image-preview":"max-image-preview:large","max-video-preview":"max-video-preview:-1"},"canonical":"https:\/\/www.metral-fruits.com\/peches\/","og_locale":"en_US","og_type":"article","og_title":"Peaches - M\u00e9tral Fruits","og_description":"Our Peaches","og_url":"https:\/\/www.metral-fruits.com\/peches\/","og_site_name":"M\u00e9tral Fruits","article_modified_time":"2016-08-04T13:37:26+00:00","twitter_card":"summary_large_image","twitter_misc":{"Est. reading time":"4 minutes"},"schema":{"@context":"https:\/\/schema.org","@graph":[{"@type":"WebPage","@id":"https:\/\/www.metral-fruits.com\/peches\/","url":"https:\/\/www.metral-fruits.com\/peches\/","name":"Peaches - M\u00e9tral Fruits","isPartOf":{"@id":"https:\/\/www.metral-fruits.com\/#website"},"datePublished":"2016-03-02T08:08:57+00:00","dateModified":"2016-08-04T13:37:26+00:00","description":"Our Peaches","breadcrumb":{"@id":"https:\/\/www.metral-fruits.com\/peches\/#breadcrumb"},"inLanguage":"en-US","potentialAction":[{"@type":"ReadAction","target":["https:\/\/www.metral-fruits.com\/peches\/"]}]},{"@type":"BreadcrumbList","@id":"https:\/\/www.metral-fruits.com\/peches\/#breadcrumb","itemListElement":[{"@type":"ListItem","position":1,"name":"Accueil","item":"https:\/\/www.metral-fruits.com\/en\/"},{"@type":"ListItem","position":2,"name":"Peaches"}]},{"@type":"WebSite","@id":"https:\/\/www.metral-fruits.com\/#website","url":"https:\/\/www.metral-fruits.com\/","name":"M\u00e9tral Fruits","description":"Exp\u00e9diteur de fruits de la Vall\u00e9e du Rh\u00f4ne","potentialAction":[{"@type":"SearchAction","target":{"@type":"EntryPoint","urlTemplate":"https:\/\/www.metral-fruits.com\/?s={search_term_string}"},"query-input":{"@type":"PropertyValueSpecification","valueRequired":true,"valueName":"search_term_string"}}],"inLanguage":"en-US"}]}},"_links":{"self":[{"href":"https:\/\/www.metral-fruits.com\/en\/wp-json\/wp\/v2\/pages\/1337","targetHints":{"allow":["GET"]}}],"collection":[{"href":"https:\/\/www.metral-fruits.com\/en\/wp-json\/wp\/v2\/pages"}],"about":[{"href":"https:\/\/www.metral-fruits.com\/en\/wp-json\/wp\/v2\/types\/page"}],"author":[{"embeddable":true,"href":"https:\/\/www.metral-fruits.com\/en\/wp-json\/wp\/v2\/users\/1"}],"replies":[{"embeddable":true,"href":"https:\/\/www.metral-fruits.com\/en\/wp-json\/wp\/v2\/comments?post=1337"}],"version-history":[{"count":2,"href":"https:\/\/www.metral-fruits.com\/en\/wp-json\/wp\/v2\/pages\/1337\/revisions"}],"predecessor-version":[{"id":1404,"href":"https:\/\/www.metral-fruits.com\/en\/wp-json\/wp\/v2\/pages\/1337\/revisions\/1404"}],"wp:attachment":[{"href":"https:\/\/www.metral-fruits.com\/en\/wp-json\/wp\/v2\/media?parent=1337"}],"curies":[{"name":"wp","href":"https:\/\/api.w.org\/{rel}","templated":true}]}}