{"id":1334,"date":"2014-08-24T17:14:26","date_gmt":"2014-08-24T17:14:26","guid":{"rendered":"https:\/\/www.metral-fruits.com\/en\/lentreprise-metral-fruits\/"},"modified":"2016-08-04T15:11:36","modified_gmt":"2016-08-04T14:11:36","slug":"company-metral-fruits","status":"publish","type":"page","link":"https:\/\/www.metral-fruits.com\/en\/company-metral-fruits\/","title":{"rendered":"Company M\u00e9tral Fruits"},"content":{"rendered":"\n<style type=\"text\/css\" data-created_by=\"avia_inline_auto\" id=\"style-css-av-av_section-21332c12823ddc7695a00a4ef5cdfbcf\">\n.avia-section.av-av_section-21332c12823ddc7695a00a4ef5cdfbcf{\nbackground-repeat:no-repeat;\nbackground-image:url(https:\/\/www.metral-fruits.com\/wp-content\/uploads\/2014\/08\/MF_Header_Entreprise-1.jpg);\nbackground-position:50% 0%;\nbackground-attachment:fixed;\n}\n<\/style>\n<div id='av_section_1'  class='avia-section av-av_section-21332c12823ddc7695a00a4ef5cdfbcf main_color avia-section-large avia-no-shadow  avia-builder-el-0  el_before_av_section  avia-builder-el-first  avia-bg-style-fixed container_wrap fullsize'  data-section-bg-repeat='no-repeat'><div class='container av-section-cont-open' ><main  role=\"main\" itemprop=\"mainContentOfPage\"  class='template-page content  av-content-full alpha units'><div class='post-entry post-entry-type-page post-entry-1334'><div class='entry-content-wrapper clearfix'>\n\n<style type=\"text\/css\" data-created_by=\"avia_inline_auto\" id=\"style-css-av-av_heading-ec776cd97ee3a10398fd70e59f656e28\">\n#top .av-special-heading.av-av_heading-ec776cd97ee3a10398fd70e59f656e28{\npadding-bottom:0;\ncolor:#ffffff;\nfont-size:50px;\n}\nbody .av-special-heading.av-av_heading-ec776cd97ee3a10398fd70e59f656e28 .av-special-heading-tag .heading-char{\nfont-size:25px;\n}\n#top #wrap_all .av-special-heading.av-av_heading-ec776cd97ee3a10398fd70e59f656e28 .av-special-heading-tag{\nfont-size:50px;\n}\n.av-special-heading.av-av_heading-ec776cd97ee3a10398fd70e59f656e28 .special-heading-inner-border{\nborder-color:#ffffff;\n}\n.av-special-heading.av-av_heading-ec776cd97ee3a10398fd70e59f656e28 .av-subheading{\nfont-size:15px;\n}\n\n@media only screen and (min-width: 480px) and (max-width: 767px){ \n#top #wrap_all .av-special-heading.av-av_heading-ec776cd97ee3a10398fd70e59f656e28 .av-special-heading-tag{\nfont-size:0.8em;\n}\n}\n\n@media only screen and (max-width: 479px){ \n#top #wrap_all .av-special-heading.av-av_heading-ec776cd97ee3a10398fd70e59f656e28 .av-special-heading-tag{\nfont-size:0.8em;\n}\n}\n<\/style>\n<div  class='av-special-heading av-av_heading-ec776cd97ee3a10398fd70e59f656e28 av-special-heading-h3 custom-color-heading blockquote modern-quote modern-centered  avia-builder-el-1  el_before_av_hr  avia-builder-el-first  av-inherit-size'><h3 class='av-special-heading-tag '  itemprop=\"headline\"  >Company M\u00e9tral Fruits<\/h3><div class=\"special-heading-border\"><div class=\"special-heading-inner-border\"><\/div><\/div><\/div>\n\n<style type=\"text\/css\" data-created_by=\"avia_inline_auto\" id=\"style-css-av-av_hr-d26bc57f0c6fc73d60edf7912d09881c\">\n#top .hr.av-av_hr-d26bc57f0c6fc73d60edf7912d09881c{\nmargin-top:30px;\nmargin-bottom:30px;\n}\n.hr.av-av_hr-d26bc57f0c6fc73d60edf7912d09881c .hr-inner{\nwidth:20%;\nborder-color:rgba(255,255,255,0.76);\nmax-width:45%;\n}\n.hr.av-av_hr-d26bc57f0c6fc73d60edf7912d09881c .av-seperator-icon{\ncolor:#ffffff;\n}\n.hr.av-av_hr-d26bc57f0c6fc73d60edf7912d09881c .av-seperator-icon.avia-svg-icon svg:first-child{\nfill:#ffffff;\nstroke:#ffffff;\n}\n<\/style>\n<div  class='hr av-av_hr-d26bc57f0c6fc73d60edf7912d09881c hr-custom  avia-builder-el-2  el_after_av_heading  avia-builder-el-last  hr-center hr-icon-yes'><span class='hr-inner inner-border-av-border-thin'><span class=\"hr-inner-style\"><\/span><\/span><span class='av-seperator-icon avia-iconfont avia-font-entypo-fontello' data-av_icon='\ue8bf' data-av_iconfont='entypo-fontello' ><\/span><span class='hr-inner inner-border-av-border-thin'><span class=\"hr-inner-style\"><\/span><\/span><\/div>\n<\/div><\/div><\/main><!-- close content main element --><\/div><\/div><div id='av_section_2'  class='avia-section av-av_section-b001219e74ae2461ab104eabac48a238 main_color avia-section-small avia-no-border-styling  avia-builder-el-3  el_after_av_section  avia-builder-el-last  avia-bg-style-fixed container_wrap fullsize'  ><div class='container av-section-cont-open' ><div class='template-page content  av-content-full alpha units'><div class='post-entry post-entry-type-page post-entry-1334'><div class='entry-content-wrapper clearfix'>\n<div class='flex_column_table av-av_two_third-5f3168a51d5fa576b4e7522cc28bd779 sc-av_two_third av-equal-height-column-flextable'>\n<style type=\"text\/css\" data-created_by=\"avia_inline_auto\" id=\"style-css-av-av_two_third-5f3168a51d5fa576b4e7522cc28bd779\">\n#top .flex_column_table.av-equal-height-column-flextable.av-av_two_third-5f3168a51d5fa576b4e7522cc28bd779{\nmargin-top:-60px;\nmargin-bottom:0px;\n}\n.flex_column.av-av_two_third-5f3168a51d5fa576b4e7522cc28bd779{\nborder-radius:0px 0px 0px 0px;\npadding:30px 30px 30px 30px;\nbackground-color:#ffffff;\n}\n<\/style>\n<div  class='flex_column av-av_two_third-5f3168a51d5fa576b4e7522cc28bd779 av_two_third  avia-builder-el-4  el_before_av_one_third  avia-builder-el-first  first no_margin flex_column_table_cell av-equal-height-column av-align-top  '     ><p>\n<style type=\"text\/css\" data-created_by=\"avia_inline_auto\" id=\"style-css-av-av_heading-82d8875a34fdd3364c7ca9ad392661e1\">\n#top .av-special-heading.av-av_heading-82d8875a34fdd3364c7ca9ad392661e1{\npadding-bottom:0;\n}\nbody .av-special-heading.av-av_heading-82d8875a34fdd3364c7ca9ad392661e1 .av-special-heading-tag .heading-char{\nfont-size:25px;\n}\n.av-special-heading.av-av_heading-82d8875a34fdd3364c7ca9ad392661e1 .av-subheading{\nfont-size:15px;\n}\n<\/style>\n<div  class='av-special-heading av-av_heading-82d8875a34fdd3364c7ca9ad392661e1 av-special-heading-h3 blockquote modern-quote  avia-builder-el-5  el_before_av_textblock  avia-builder-el-first '><h3 class='av-special-heading-tag '  itemprop=\"headline\"  >M\u00e9tral Fruits, about us ?<\/h3><div class=\"special-heading-border\"><div class=\"special-heading-inner-border\"><\/div><\/div><\/div><br \/>\n<section  class='av_textblock_section av-av_textblock-0366cc7376be6c9e82a3e9cc8987b64f '   itemscope=\"itemscope\" itemtype=\"https:\/\/schema.org\/CreativeWork\" ><div class='avia_textblock'  itemprop=\"text\" ><p>Located in the heart of <strong>the Rhone Valley in Salaise sur Sanne<\/strong>, M\u00e9tral fruit is a major player in packaging and the marketing of nectarines , apricots, cherries, strawberries, and apples<\/p>\n<p>Fruits M\u00e9tral continues a steady increase in volumes <strong>since 1973 through its partnership with 250 producers<\/strong> located in South Isere, Drome, Ard\u00e8che, Monts du Pilat .<\/p>\n<p>M\u00e9tral Fruits since 2008 is a <strong>subsidiary of the company Comptoir Rhodanien<\/strong> fruit grower, packer and trader of fruit. Comptoir Rhodanien has 300 hectares of stone fruit orchards in the Gard near Nimes. Peaches and Nectarines from this farm are packaged and marketed by MF.<\/p>\n<\/div><\/section><br \/>\n\n<style type=\"text\/css\" data-created_by=\"avia_inline_auto\" id=\"style-css-av-av_hr-5ea7596238ed9f191e6b5e662093052f\">\n#top .hr.hr-invisible.av-av_hr-5ea7596238ed9f191e6b5e662093052f{\nheight:30px;\n}\n<\/style>\n<div  class='hr av-av_hr-5ea7596238ed9f191e6b5e662093052f hr-invisible  avia-builder-el-7  el_after_av_textblock  el_before_av_image_hotspot  avia-builder-el-last '><span class='hr-inner '><span class=\"hr-inner-style\"><\/span><\/span><\/div><br \/>\n\n<style type=\"text\/css\" data-created_by=\"avia_inline_auto\" id=\"style-css-sub-av-av_image_hotspot-8155d540e24074fd33d1bb7cf3fb6f28\">\n.av-hotspot-image-container .av-image-hotspot.av-av_image_spot-0ea4de39a13da75e9debfd2202d2fedc{\ntop:56.4%;\nleft:61.5%;\n}\n.av-hotspot-image-container .av-image-hotspot.av-av_image_spot-2621cf3837c3a8b40d7ecfff8ba94a1b{\ntop:61.9%;\nleft:68.5%;\n}\n.av-hotspot-image-container .av-image-hotspot.av-av_image_spot-101ec8384e44df996d720013f8316574{\ntop:69.9%;\nleft:63.8%;\n}\n<\/style>\n<div  class='av-hotspot-image-container av-av_image_hotspot-8155d540e24074fd33d1bb7cf3fb6f28  avia-builder-el-8  el_after_av_hr  el_before_av_hr  av-hotspot-blank avia_animated_image avia_animate_when_almost_visible fade-in av-mobile-fallback-active  av-non-fullwidth-hotspot-image'  itemprop=\"image\" itemscope=\"itemscope\" itemtype=\"https:\/\/schema.org\/ImageObject\" ><div class='av-hotspot-container'><div class='av-hotspot-container-inner-cell'><div class='av-hotspot-container-inner-wrap'><div class='av-image-hotspot av-av_image_spot-0ea4de39a13da75e9debfd2202d2fedc av-image-hotspot-1 ' data-avia-tooltip-position='left' data-avia-tooltip-alignment='top' data-avia-tooltip-class='av-tt-large-width av-tt-pos-left av-tt-align-top  av-mobile-fallback-active  main_color av-tt-hotspot' data-avia-tooltip='&lt;p style=&quot;text-align: center;&quot;&gt;&lt;img class=&quot;alignnone wp-image-462 aligncenter&quot; src=&quot;https:\/\/www.metral-fruits.com\/wp-content\/uploads\/2016\/03\/Logo-Metral-SIte-300x138.png&quot; alt=&quot;Logo-Metral-SIte&quot; width=&quot;107&quot; height=&quot;49&quot; \/&gt;&lt;strong&gt;M\u00e9tral Fruits&lt;br \/&gt;\n&lt;\/strong&gt;&lt;br \/&gt;\nPacking House and shipment&lt;\/p&gt;\n'><div class='av-image-hotspot_inner'>1<\/div><div class='av-image-hotspot-pulse'><\/div><\/div><div class='av-image-hotspot av-av_image_spot-2621cf3837c3a8b40d7ecfff8ba94a1b av-image-hotspot-2 ' data-avia-tooltip-position='right' data-avia-tooltip-alignment='top' data-avia-tooltip-class='av-tt-large-width av-tt-pos-right av-tt-align-top  av-mobile-fallback-active  main_color av-tt-hotspot' data-avia-tooltip='&lt;p style=&quot;text-align: center;&quot;&gt;&lt;img class=&quot;alignnone wp-image-901&quot; src=&quot;https:\/\/www.metral-fruits.com\/wp-content\/uploads\/2016\/04\/logo-mini1.png&quot; alt=&quot;logo-mini1&quot; width=&quot;125&quot; height=&quot;72&quot; \/&gt;&lt;br \/&gt;\n&lt;strong&gt;S.N. Comptoir Rhodanien&lt;\/strong&gt;&lt;br \/&gt;\nPacking House and shipment&lt;\/p&gt;\n'><div class='av-image-hotspot_inner'>2<\/div><div class='av-image-hotspot-pulse'><\/div><\/div><div class='av-image-hotspot av-av_image_spot-101ec8384e44df996d720013f8316574 av-image-hotspot-3 ' data-avia-tooltip-position='right' data-avia-tooltip-alignment='top' data-avia-tooltip-class='av-tt-default-width av-tt-pos-right av-tt-align-top  av-mobile-fallback-active  main_color av-tt-hotspot' data-avia-tooltip='&lt;p style=&quot;text-align: center;&quot;&gt;&lt;strong&gt;MCL Agro&lt;\/strong&gt;&lt;br \/&gt;\nFarm&lt;\/p&gt;\n'><div class='av-image-hotspot_inner'>3<\/div><div class='av-image-hotspot-pulse'><\/div><\/div><img fetchpriority=\"high\" class='wp-image-1204 avia-img-lazy-loading-not-1204 avia_image' src='https:\/\/www.metral-fruits.com\/wp-content\/uploads\/2014\/08\/Carte-M\u00e9tral-Fruits-1-2.png' alt='' title='Carte-M\u00e9tral-Fruits-1'  height=\"551\" width=\"507\"  itemprop=\"thumbnailUrl\"  \/><\/div><\/div><\/div><div class='av-hotspot-fallback-tooltip av-image-hotspot-1 '><div class=\"av-hotspot-fallback-tooltip-count\">1<div class=\"avia-arrow\"><\/div><\/div><div class=\"av-hotspot-fallback-tooltip-inner clearfix\"><\/p>\n<p style=\"text-align: center;\"><img loading=\"lazy\" decoding=\"async\" class=\"alignnone wp-image-462 aligncenter\" src=\"https:\/\/www.metral-fruits.com\/wp-content\/uploads\/2016\/03\/Logo-Metral-SIte-300x138.png\" alt=\"Logo-Metral-SIte\" width=\"107\" height=\"49\" srcset=\"https:\/\/www.metral-fruits.com\/wp-content\/uploads\/2016\/03\/Logo-Metral-SIte-300x138.png 300w, https:\/\/www.metral-fruits.com\/wp-content\/uploads\/2016\/03\/Logo-Metral-SIte.png 340w\" sizes=\"auto, (max-width: 107px) 100vw, 107px\" \/><strong>M\u00e9tral Fruits<br \/>\n<\/strong><br \/>\nPacking House and shipment<\/p>\n<p>\n<\/div><\/div><div class='av-hotspot-fallback-tooltip av-image-hotspot-2 '><div class=\"av-hotspot-fallback-tooltip-count\">2<div class=\"avia-arrow\"><\/div><\/div><div class=\"av-hotspot-fallback-tooltip-inner clearfix\"><\/p>\n<p style=\"text-align: center;\"><img loading=\"lazy\" decoding=\"async\" class=\"alignnone wp-image-901\" src=\"https:\/\/www.metral-fruits.com\/wp-content\/uploads\/2016\/04\/logo-mini1.png\" alt=\"logo-mini1\" width=\"125\" height=\"72\" srcset=\"https:\/\/www.metral-fruits.com\/wp-content\/uploads\/2016\/04\/logo-mini1.png 264w, https:\/\/www.metral-fruits.com\/wp-content\/uploads\/2016\/04\/logo-mini1-260x152.png 260w\" sizes=\"auto, (max-width: 125px) 100vw, 125px\" \/><br \/>\n<strong>S.N. Comptoir Rhodanien<\/strong><br \/>\nPacking House and shipment<\/p>\n<p>\n<\/div><\/div><div class='av-hotspot-fallback-tooltip av-image-hotspot-3 '><div class=\"av-hotspot-fallback-tooltip-count\">3<div class=\"avia-arrow\"><\/div><\/div><div class=\"av-hotspot-fallback-tooltip-inner clearfix\"><\/p>\n<p style=\"text-align: center;\"><strong>MCL Agro<\/strong><br \/>\nFarm<\/p>\n<p>\n<\/div><\/div><\/div><br \/>\n\n<style type=\"text\/css\" data-created_by=\"avia_inline_auto\" id=\"style-css-av-av_hr-8f8f0e8e14ea09e84f7e352d9b3a3739\">\n#top .hr.av-av_hr-8f8f0e8e14ea09e84f7e352d9b3a3739{\nmargin-top:30px;\nmargin-bottom:30px;\n}\n.hr.av-av_hr-8f8f0e8e14ea09e84f7e352d9b3a3739 .hr-inner{\nwidth:45%;\nmax-width:45%;\n}\n<\/style>\n<div  class='hr av-av_hr-8f8f0e8e14ea09e84f7e352d9b3a3739 hr-custom  avia-builder-el-9  el_after_av_image_hotspot  el_before_av_masonry_gallery  avia-builder-el-no-sibling  hr-center hr-icon-yes'><span class='hr-inner inner-border-av-border-thin'><span class=\"hr-inner-style\"><\/span><\/span><span class='av-seperator-icon avia-iconfont avia-font-entypo-fontello' data-av_icon='\ue8bf' data-av_iconfont='entypo-fontello' ><\/span><span class='hr-inner inner-border-av-border-thin'><span class=\"hr-inner-style\"><\/span><\/span><\/div><br \/>\n<\/p><\/div>\n<style type=\"text\/css\" data-created_by=\"avia_inline_auto\" id=\"style-css-av-av_one_third-92ef4c5377413406f4900f9b9e94e8cf\">\n#top .flex_column_table.av-equal-height-column-flextable.av-av_one_third-92ef4c5377413406f4900f9b9e94e8cf{\nmargin-top:-60px;\nmargin-bottom:0px;\n}\n.flex_column.av-av_one_third-92ef4c5377413406f4900f9b9e94e8cf{\nborder-radius:0px 0px 0px 0px;\npadding:30px 30px 30px 30px;\nbackground-color:#f0f0f0;\n}\n<\/style>\n<div  class='flex_column av-av_one_third-92ef4c5377413406f4900f9b9e94e8cf av_one_third  avia-builder-el-11  el_after_av_two_third  avia-builder-el-last  no_margin flex_column_table_cell av-equal-height-column av-align-top  '     ><p>\n<style type=\"text\/css\" data-created_by=\"avia_inline_auto\" id=\"style-css-av-av_heading-10121eb8c1a7a3c28ec020a3578d9546\">\n#top .av-special-heading.av-av_heading-10121eb8c1a7a3c28ec020a3578d9546{\npadding-bottom:25px;\n}\nbody .av-special-heading.av-av_heading-10121eb8c1a7a3c28ec020a3578d9546 .av-special-heading-tag .heading-char{\nfont-size:25px;\n}\n.av-special-heading.av-av_heading-10121eb8c1a7a3c28ec020a3578d9546 .av-subheading{\nfont-size:15px;\n}\n<\/style>\n<div  class='av-special-heading av-av_heading-10121eb8c1a7a3c28ec020a3578d9546 av-special-heading-h3 blockquote modern-quote modern-centered  avia-builder-el-12  el_before_av_image  avia-builder-el-first '><h3 class='av-special-heading-tag '  itemprop=\"headline\"  >The message from chief executive<\/h3><div class=\"special-heading-border\"><div class=\"special-heading-inner-border\"><\/div><\/div><\/div><br \/>\n\n<style type=\"text\/css\" data-created_by=\"avia_inline_auto\" id=\"style-css-av-av_image-7250943f04db79027db95fa41a01efb9\">\n.avia-image-container.av-av_image-7250943f04db79027db95fa41a01efb9 img.avia_image{\nbox-shadow:none;\n}\n.avia-image-container.av-av_image-7250943f04db79027db95fa41a01efb9 .av-image-caption-overlay-center{\ncolor:#ffffff;\n}\n<\/style>\n<div  class='avia-image-container av-av_image-7250943f04db79027db95fa41a01efb9 av-styling-circle avia-align-center  avia-builder-el-13  el_after_av_heading  el_before_av_textblock '   itemprop=\"image\" itemscope=\"itemscope\" itemtype=\"https:\/\/schema.org\/ImageObject\" ><div class=\"avia-image-container-inner\"><div class=\"avia-image-overlay-wrap\"><img fetchpriority=\"high\" class='wp-image-1014 avia-img-lazy-loading-not-1014 avia_image ' src='https:\/\/www.metral-fruits.com\/wp-content\/uploads\/2015\/05\/laurent-parfait-1.jpg' alt='' title='laurent'  height=\"150\" width=\"150\"  itemprop=\"thumbnailUrl\"  \/><\/div><\/div><\/div><br \/>\n<section  class='av_textblock_section av-av_textblock-0366cc7376be6c9e82a3e9cc8987b64f '   itemscope=\"itemscope\" itemtype=\"https:\/\/schema.org\/CreativeWork\" ><div class='avia_textblock'  itemprop=\"text\" ><p>We are continuously working on <strong>the development of our products<\/strong>, our <strong>working methods<\/strong> and our <strong>human values<\/strong>.<\/p>\n<p><strong>Quality, food safety and respect for the environment<\/strong> are at the heart of our daily concerns.<\/p>\n<p>Moreover MF is a <strong>partner<\/strong> in several associations of producers organizations (strawberries, peaches, nectarines , apricots, pears and apples)<\/p>\n<p>This close relationship with the production allows the company to adapt to new market demands<\/p>\n<p>We want to provide <strong>security and diversity<\/strong> for consumers, I let you discover our entire range&#8230;<\/p>\n<p style=\"text-align: right;\"><strong>M. Laurent DEJEROME<\/strong>,\u00a0<em>Chief executive<\/em><\/p>\n<\/div><\/section><br \/>\n\n<style type=\"text\/css\" data-created_by=\"avia_inline_auto\" id=\"style-css-av-av_hr-8f8f0e8e14ea09e84f7e352d9b3a3739\">\n#top .hr.av-av_hr-8f8f0e8e14ea09e84f7e352d9b3a3739{\nmargin-top:30px;\nmargin-bottom:30px;\n}\n.hr.av-av_hr-8f8f0e8e14ea09e84f7e352d9b3a3739 .hr-inner{\nwidth:45%;\nmax-width:45%;\n}\n<\/style>\n<div  class='hr av-av_hr-8f8f0e8e14ea09e84f7e352d9b3a3739 hr-custom  avia-builder-el-15  el_after_av_textblock  avia-builder-el-last  hr-center hr-icon-yes'><span class='hr-inner inner-border-av-border-thin'><span class=\"hr-inner-style\"><\/span><\/span><span class='av-seperator-icon avia-iconfont avia-font-entypo-fontello' data-av_icon='\ue8bf' data-av_iconfont='entypo-fontello' ><\/span><span class='hr-inner inner-border-av-border-thin'><span class=\"hr-inner-style\"><\/span><\/span><\/div><\/p><\/div><\/div><!--close column table wrapper. Autoclose: 1 --><\/p>\n","protected":false},"excerpt":{"rendered":"","protected":false},"author":1,"featured_media":0,"parent":0,"menu_order":0,"comment_status":"open","ping_status":"open","template":"","meta":{"footnotes":""},"class_list":["post-1334","page","type-page","status-publish","hentry"],"yoast_head":"<!-- This site is optimized with the Yoast SEO plugin v27.3 - https:\/\/yoast.com\/product\/yoast-seo-wordpress\/ -->\n<title>Company M\u00e9tral Fruits - M\u00e9tral Fruits<\/title>\n<meta name=\"description\" content=\"Located in the heart of the Rhone Valley in Salaise sur Sanne, M\u00e9tral fruit is a major player in packaging and the marketing of nectarines , apricots, cherries, strawberries, and apples...\" \/>\n<meta name=\"robots\" content=\"index, follow, max-snippet:-1, max-image-preview:large, max-video-preview:-1\" \/>\n<link rel=\"canonical\" href=\"https:\/\/www.metral-fruits.com\/lentreprise-metral-fruits\/\" \/>\n<meta property=\"og:locale\" content=\"en_US\" \/>\n<meta property=\"og:type\" content=\"article\" \/>\n<meta property=\"og:title\" content=\"Company M\u00e9tral Fruits - M\u00e9tral Fruits\" \/>\n<meta property=\"og:description\" content=\"Located in the heart of the Rhone Valley in Salaise sur Sanne, M\u00e9tral fruit is a major player in packaging and the marketing of nectarines , apricots, cherries, strawberries, and apples...\" \/>\n<meta property=\"og:url\" content=\"https:\/\/www.metral-fruits.com\/lentreprise-metral-fruits\/\" \/>\n<meta property=\"og:site_name\" content=\"M\u00e9tral Fruits\" \/>\n<meta property=\"article:modified_time\" content=\"2016-08-04T14:11:36+00:00\" \/>\n<meta property=\"og:image\" content=\"https:\/\/www.metral-fruits.com\/wp-content\/uploads\/2016\/03\/Logo-Metral-SIte-300x138.png\" \/>\n<meta name=\"twitter:card\" content=\"summary_large_image\" \/>\n<meta name=\"twitter:label1\" content=\"Est. reading time\" \/>\n\t<meta name=\"twitter:data1\" content=\"5 minutes\" \/>\n<script type=\"application\/ld+json\" class=\"yoast-schema-graph\">{\"@context\":\"https:\\\/\\\/schema.org\",\"@graph\":[{\"@type\":\"WebPage\",\"@id\":\"https:\\\/\\\/www.metral-fruits.com\\\/lentreprise-metral-fruits\\\/\",\"url\":\"https:\\\/\\\/www.metral-fruits.com\\\/lentreprise-metral-fruits\\\/\",\"name\":\"Company M\u00e9tral Fruits - M\u00e9tral Fruits\",\"isPartOf\":{\"@id\":\"https:\\\/\\\/www.metral-fruits.com\\\/#website\"},\"primaryImageOfPage\":{\"@id\":\"https:\\\/\\\/www.metral-fruits.com\\\/lentreprise-metral-fruits\\\/#primaryimage\"},\"image\":{\"@id\":\"https:\\\/\\\/www.metral-fruits.com\\\/lentreprise-metral-fruits\\\/#primaryimage\"},\"thumbnailUrl\":\"https:\\\/\\\/www.metral-fruits.com\\\/wp-content\\\/uploads\\\/2016\\\/03\\\/Logo-Metral-SIte-300x138.png\",\"datePublished\":\"2014-08-24T17:14:26+00:00\",\"dateModified\":\"2016-08-04T14:11:36+00:00\",\"description\":\"Located in the heart of the Rhone Valley in Salaise sur Sanne, M\u00e9tral fruit is a major player in packaging and the marketing of nectarines , apricots, cherries, strawberries, and apples...\",\"breadcrumb\":{\"@id\":\"https:\\\/\\\/www.metral-fruits.com\\\/lentreprise-metral-fruits\\\/#breadcrumb\"},\"inLanguage\":\"en-US\",\"potentialAction\":[{\"@type\":\"ReadAction\",\"target\":[\"https:\\\/\\\/www.metral-fruits.com\\\/lentreprise-metral-fruits\\\/\"]}]},{\"@type\":\"ImageObject\",\"inLanguage\":\"en-US\",\"@id\":\"https:\\\/\\\/www.metral-fruits.com\\\/lentreprise-metral-fruits\\\/#primaryimage\",\"url\":\"https:\\\/\\\/www.metral-fruits.com\\\/wp-content\\\/uploads\\\/2016\\\/03\\\/Logo-Metral-SIte-300x138.png\",\"contentUrl\":\"https:\\\/\\\/www.metral-fruits.com\\\/wp-content\\\/uploads\\\/2016\\\/03\\\/Logo-Metral-SIte-300x138.png\"},{\"@type\":\"BreadcrumbList\",\"@id\":\"https:\\\/\\\/www.metral-fruits.com\\\/lentreprise-metral-fruits\\\/#breadcrumb\",\"itemListElement\":[{\"@type\":\"ListItem\",\"position\":1,\"name\":\"Accueil\",\"item\":\"https:\\\/\\\/www.metral-fruits.com\\\/en\\\/\"},{\"@type\":\"ListItem\",\"position\":2,\"name\":\"Company M\u00e9tral Fruits\"}]},{\"@type\":\"WebSite\",\"@id\":\"https:\\\/\\\/www.metral-fruits.com\\\/#website\",\"url\":\"https:\\\/\\\/www.metral-fruits.com\\\/\",\"name\":\"M\u00e9tral Fruits\",\"description\":\"Exp\u00e9diteur de fruits de la Vall\u00e9e du Rh\u00f4ne\",\"potentialAction\":[{\"@type\":\"SearchAction\",\"target\":{\"@type\":\"EntryPoint\",\"urlTemplate\":\"https:\\\/\\\/www.metral-fruits.com\\\/?s={search_term_string}\"},\"query-input\":{\"@type\":\"PropertyValueSpecification\",\"valueRequired\":true,\"valueName\":\"search_term_string\"}}],\"inLanguage\":\"en-US\"}]}<\/script>\n<!-- \/ Yoast SEO plugin. -->","yoast_head_json":{"title":"Company M\u00e9tral Fruits - M\u00e9tral Fruits","description":"Located in the heart of the Rhone Valley in Salaise sur Sanne, M\u00e9tral fruit is a major player in packaging and the marketing of nectarines , apricots, cherries, strawberries, and apples...","robots":{"index":"index","follow":"follow","max-snippet":"max-snippet:-1","max-image-preview":"max-image-preview:large","max-video-preview":"max-video-preview:-1"},"canonical":"https:\/\/www.metral-fruits.com\/lentreprise-metral-fruits\/","og_locale":"en_US","og_type":"article","og_title":"Company M\u00e9tral Fruits - M\u00e9tral Fruits","og_description":"Located in the heart of the Rhone Valley in Salaise sur Sanne, M\u00e9tral fruit is a major player in packaging and the marketing of nectarines , apricots, cherries, strawberries, and apples...","og_url":"https:\/\/www.metral-fruits.com\/lentreprise-metral-fruits\/","og_site_name":"M\u00e9tral Fruits","article_modified_time":"2016-08-04T14:11:36+00:00","og_image":[{"url":"https:\/\/www.metral-fruits.com\/wp-content\/uploads\/2016\/03\/Logo-Metral-SIte-300x138.png","type":"","width":"","height":""}],"twitter_card":"summary_large_image","twitter_misc":{"Est. reading time":"5 minutes"},"schema":{"@context":"https:\/\/schema.org","@graph":[{"@type":"WebPage","@id":"https:\/\/www.metral-fruits.com\/lentreprise-metral-fruits\/","url":"https:\/\/www.metral-fruits.com\/lentreprise-metral-fruits\/","name":"Company M\u00e9tral Fruits - M\u00e9tral Fruits","isPartOf":{"@id":"https:\/\/www.metral-fruits.com\/#website"},"primaryImageOfPage":{"@id":"https:\/\/www.metral-fruits.com\/lentreprise-metral-fruits\/#primaryimage"},"image":{"@id":"https:\/\/www.metral-fruits.com\/lentreprise-metral-fruits\/#primaryimage"},"thumbnailUrl":"https:\/\/www.metral-fruits.com\/wp-content\/uploads\/2016\/03\/Logo-Metral-SIte-300x138.png","datePublished":"2014-08-24T17:14:26+00:00","dateModified":"2016-08-04T14:11:36+00:00","description":"Located in the heart of the Rhone Valley in Salaise sur Sanne, M\u00e9tral fruit is a major player in packaging and the marketing of nectarines , apricots, cherries, strawberries, and apples...","breadcrumb":{"@id":"https:\/\/www.metral-fruits.com\/lentreprise-metral-fruits\/#breadcrumb"},"inLanguage":"en-US","potentialAction":[{"@type":"ReadAction","target":["https:\/\/www.metral-fruits.com\/lentreprise-metral-fruits\/"]}]},{"@type":"ImageObject","inLanguage":"en-US","@id":"https:\/\/www.metral-fruits.com\/lentreprise-metral-fruits\/#primaryimage","url":"https:\/\/www.metral-fruits.com\/wp-content\/uploads\/2016\/03\/Logo-Metral-SIte-300x138.png","contentUrl":"https:\/\/www.metral-fruits.com\/wp-content\/uploads\/2016\/03\/Logo-Metral-SIte-300x138.png"},{"@type":"BreadcrumbList","@id":"https:\/\/www.metral-fruits.com\/lentreprise-metral-fruits\/#breadcrumb","itemListElement":[{"@type":"ListItem","position":1,"name":"Accueil","item":"https:\/\/www.metral-fruits.com\/en\/"},{"@type":"ListItem","position":2,"name":"Company M\u00e9tral Fruits"}]},{"@type":"WebSite","@id":"https:\/\/www.metral-fruits.com\/#website","url":"https:\/\/www.metral-fruits.com\/","name":"M\u00e9tral Fruits","description":"Exp\u00e9diteur de fruits de la Vall\u00e9e du Rh\u00f4ne","potentialAction":[{"@type":"SearchAction","target":{"@type":"EntryPoint","urlTemplate":"https:\/\/www.metral-fruits.com\/?s={search_term_string}"},"query-input":{"@type":"PropertyValueSpecification","valueRequired":true,"valueName":"search_term_string"}}],"inLanguage":"en-US"}]}},"_links":{"self":[{"href":"https:\/\/www.metral-fruits.com\/en\/wp-json\/wp\/v2\/pages\/1334","targetHints":{"allow":["GET"]}}],"collection":[{"href":"https:\/\/www.metral-fruits.com\/en\/wp-json\/wp\/v2\/pages"}],"about":[{"href":"https:\/\/www.metral-fruits.com\/en\/wp-json\/wp\/v2\/types\/page"}],"author":[{"embeddable":true,"href":"https:\/\/www.metral-fruits.com\/en\/wp-json\/wp\/v2\/users\/1"}],"replies":[{"embeddable":true,"href":"https:\/\/www.metral-fruits.com\/en\/wp-json\/wp\/v2\/comments?post=1334"}],"version-history":[{"count":3,"href":"https:\/\/www.metral-fruits.com\/en\/wp-json\/wp\/v2\/pages\/1334\/revisions"}],"predecessor-version":[{"id":1684,"href":"https:\/\/www.metral-fruits.com\/en\/wp-json\/wp\/v2\/pages\/1334\/revisions\/1684"}],"wp:attachment":[{"href":"https:\/\/www.metral-fruits.com\/en\/wp-json\/wp\/v2\/media?parent=1334"}],"curies":[{"name":"wp","href":"https:\/\/api.w.org\/{rel}","templated":true}]}}