{"id":1331,"date":"2014-08-24T17:28:24","date_gmt":"2014-08-24T17:28:24","guid":{"rendered":"https:\/\/www.metral-fruits.com\/en\/contact\/"},"modified":"2016-08-04T15:08:04","modified_gmt":"2016-08-04T14:08:04","slug":"contact-us","status":"publish","type":"page","link":"https:\/\/www.metral-fruits.com\/en\/contact-us\/","title":{"rendered":"Contact us"},"content":{"rendered":"<div  class='av_gmaps_sc_main_wrap av_gmaps_main_wrap '><div id='av_gmap_0' class='avia-google-map-container avia-google-map-sc av_gmaps_show_unconditionally av-no-fallback-img ' data-mapid='av_gmap_0'  style='height: 305px;'><a class=\"av_gmaps_browser_disabled av_text_confirm_link av_text_confirm_link_visible\" href=\"https:\/\/www.google.com\/maps\/search\/?api=1&#038;query=204%20Rue%20d\u2019alembert%20%20Salaise%20sur%20sanne%20%20france\" target=\"_blank\">Maps were disabled by the visitor on this site. Click to open the map in a new window.<\/a><\/div><\/div>\n<div id='av_section_1'  class='avia-section av-av_section-915b33fd1d6006bfc684ade488387eaf main_color avia-section-default avia-no-border-styling  avia-builder-el-1  el_after_av_google_map  avia-builder-el-last  avia-bg-style-scroll container_wrap fullsize'  ><div class='container av-section-cont-open' ><div class='template-page content  av-content-full alpha units'><div class='post-entry post-entry-type-page post-entry-1331'><div class='entry-content-wrapper clearfix'>\n<div class='flex_column_table av-av_one_half-5dd07219fcc1bec85eb656accd636d3e sc-av_one_half av-equal-height-column-flextable'>\n<style type=\"text\/css\" data-created_by=\"avia_inline_auto\" id=\"style-css-av-av_one_half-5dd07219fcc1bec85eb656accd636d3e\">\n#top .flex_column_table.av-equal-height-column-flextable.av-av_one_half-5dd07219fcc1bec85eb656accd636d3e{\nmargin-top:-90px;\nmargin-bottom:0px;\n}\n.flex_column.av-av_one_half-5dd07219fcc1bec85eb656accd636d3e{\nborder-radius:0px 0px 0px 0px;\npadding:30px 30px 30px 30px;\nbackground-color:#ffffff;\n}\n<\/style>\n<div  class='flex_column av-av_one_half-5dd07219fcc1bec85eb656accd636d3e av_one_half  avia-builder-el-2  el_before_av_one_half  avia-builder-el-first  first no_margin flex_column_table_cell av-equal-height-column av-align-top  '     ><p>\n<style type=\"text\/css\" data-created_by=\"avia_inline_auto\" id=\"style-css-av-av_heading-0396c99090d761777dba439e1f57e4b4\">\n#top .av-special-heading.av-av_heading-0396c99090d761777dba439e1f57e4b4{\npadding-bottom:0;\nfont-size:30px;\n}\nbody .av-special-heading.av-av_heading-0396c99090d761777dba439e1f57e4b4 .av-special-heading-tag .heading-char{\nfont-size:25px;\n}\n#top #wrap_all .av-special-heading.av-av_heading-0396c99090d761777dba439e1f57e4b4 .av-special-heading-tag{\nfont-size:30px;\n}\n.av-special-heading.av-av_heading-0396c99090d761777dba439e1f57e4b4 .av-subheading{\nfont-size:13px;\n}\n\n@media only screen and (min-width: 480px) and (max-width: 767px){ \n#top #wrap_all .av-special-heading.av-av_heading-0396c99090d761777dba439e1f57e4b4 .av-special-heading-tag{\nfont-size:0.8em;\n}\n}\n\n@media only screen and (max-width: 479px){ \n#top #wrap_all .av-special-heading.av-av_heading-0396c99090d761777dba439e1f57e4b4 .av-special-heading-tag{\nfont-size:0.8em;\n}\n}\n<\/style>\n<div  class='av-special-heading av-av_heading-0396c99090d761777dba439e1f57e4b4 av-special-heading-h3 blockquote modern-quote modern-centered  avia-builder-el-3  el_before_av_hr  avia-builder-el-first  av-inherit-size'><h3 class='av-special-heading-tag '  itemprop=\"headline\"  >Contact us<\/h3><div class=\"special-heading-border\"><div class=\"special-heading-inner-border\"><\/div><\/div><\/div><br \/>\n\n<style type=\"text\/css\" data-created_by=\"avia_inline_auto\" id=\"style-css-av-av_hr-b98e62bf4153ffb03d688f5837c66da9\">\n#top .hr.av-av_hr-b98e62bf4153ffb03d688f5837c66da9{\nmargin-top:30px;\nmargin-bottom:30px;\n}\n.hr.av-av_hr-b98e62bf4153ffb03d688f5837c66da9 .hr-inner{\nwidth:20%;\nmax-width:45%;\n}\n<\/style>\n<div  class='hr av-av_hr-b98e62bf4153ffb03d688f5837c66da9 hr-custom  avia-builder-el-4  el_after_av_heading  el_before_av_textblock  hr-center hr-icon-yes'><span class='hr-inner inner-border-av-border-thin'><span class=\"hr-inner-style\"><\/span><\/span><span class='av-seperator-icon avia-iconfont avia-font-entypo-fontello' data-av_icon='\ue8bf' data-av_iconfont='entypo-fontello' ><\/span><span class='hr-inner inner-border-av-border-thin'><span class=\"hr-inner-style\"><\/span><\/span><\/div><br \/>\n<section  class='av_textblock_section av-av_textblock-0366cc7376be6c9e82a3e9cc8987b64f '   itemscope=\"itemscope\" itemtype=\"https:\/\/schema.org\/CreativeWork\" ><div class='avia_textblock'  itemprop=\"text\" ><p>If you have any questions, concerns or would just like to give us some feedback on the site, please contact us<\/p>\n<p><strong>Office:<\/strong><br \/>\n204, Rue d&#8217;Alembert<br \/>\n38150 Salaise sur Sanne (France)<\/p>\n<p><strong>Phone number:<\/strong><br \/>\n+33 (0)4 74 79 39 79<\/p>\n<p><strong>Fax:<\/strong><br \/>\n+33 (0)4 74 79 39 77<\/p>\n<\/div><\/section><br \/>\n\n<style type=\"text\/css\" data-created_by=\"avia_inline_auto\" id=\"style-css-av-av_hr-c6d892c925cc1525722161be66eb3b71\">\n#top .hr.av-av_hr-c6d892c925cc1525722161be66eb3b71{\nmargin-top:18px;\nmargin-bottom:30px;\n}\n.hr.av-av_hr-c6d892c925cc1525722161be66eb3b71 .hr-inner{\nwidth:20%;\nmax-width:45%;\n}\n<\/style>\n<div  class='hr av-av_hr-c6d892c925cc1525722161be66eb3b71 hr-custom  avia-builder-el-6  el_after_av_textblock  avia-builder-el-last  hr-center hr-icon-yes'><span class='hr-inner inner-border-av-border-thin'><span class=\"hr-inner-style\"><\/span><\/span><span class='av-seperator-icon avia-iconfont avia-font-entypo-fontello' data-av_icon='\ue8bf' data-av_iconfont='entypo-fontello' ><\/span><span class='hr-inner inner-border-av-border-thin'><span class=\"hr-inner-style\"><\/span><\/span><\/div><\/p><\/div>\n<style type=\"text\/css\" data-created_by=\"avia_inline_auto\" id=\"style-css-av-av_one_half-7d2587952365c474069b213b4b27782c\">\n#top .flex_column_table.av-equal-height-column-flextable.av-av_one_half-7d2587952365c474069b213b4b27782c{\nmargin-top:-90px;\nmargin-bottom:0px;\n}\n.flex_column.av-av_one_half-7d2587952365c474069b213b4b27782c{\nborder-radius:0px 0px 0px 0px;\npadding:30px 30px 30px 30px;\nbackground-color:#83a846;\n}\n<\/style>\n<div  class='flex_column av-av_one_half-7d2587952365c474069b213b4b27782c av_one_half  avia-builder-el-7  el_after_av_one_half  avia-builder-el-last  no_margin flex_column_table_cell av-equal-height-column av-align-top  '     ><p>\n<style type=\"text\/css\" data-created_by=\"avia_inline_auto\" id=\"style-css-av-av_heading-5506d050b52dd02f3e3bc7ee66a3c7c6\">\n#top .av-special-heading.av-av_heading-5506d050b52dd02f3e3bc7ee66a3c7c6{\npadding-bottom:0;\ncolor:#ffffff;\nfont-size:30px;\n}\nbody .av-special-heading.av-av_heading-5506d050b52dd02f3e3bc7ee66a3c7c6 .av-special-heading-tag .heading-char{\nfont-size:25px;\n}\n#top #wrap_all .av-special-heading.av-av_heading-5506d050b52dd02f3e3bc7ee66a3c7c6 .av-special-heading-tag{\nfont-size:30px;\n}\n.av-special-heading.av-av_heading-5506d050b52dd02f3e3bc7ee66a3c7c6 .special-heading-inner-border{\nborder-color:#ffffff;\n}\n.av-special-heading.av-av_heading-5506d050b52dd02f3e3bc7ee66a3c7c6 .av-subheading{\nfont-size:13px;\n}\n\n@media only screen and (min-width: 480px) and (max-width: 767px){ \n#top #wrap_all .av-special-heading.av-av_heading-5506d050b52dd02f3e3bc7ee66a3c7c6 .av-special-heading-tag{\nfont-size:0.8em;\n}\n}\n\n@media only screen and (max-width: 479px){ \n#top #wrap_all .av-special-heading.av-av_heading-5506d050b52dd02f3e3bc7ee66a3c7c6 .av-special-heading-tag{\nfont-size:0.8em;\n}\n}\n<\/style>\n<div  class='av-special-heading av-av_heading-5506d050b52dd02f3e3bc7ee66a3c7c6 av-special-heading-h3 custom-color-heading blockquote modern-quote modern-centered  avia-builder-el-8  el_before_av_hr  avia-builder-el-first  av-inherit-size'><h3 class='av-special-heading-tag '  itemprop=\"headline\"  >Send us an email<\/h3><div class='av_custom_color av-subheading av-subheading_below'><p>A question ? A request for information ? Fill the below form<\/p>\n<\/div><div class=\"special-heading-border\"><div class=\"special-heading-inner-border\"><\/div><\/div><\/div><br \/>\n\n<style type=\"text\/css\" data-created_by=\"avia_inline_auto\" id=\"style-css-av-av_hr-99f14bf94a9bfba477f6d7c4121b8648\">\n#top .hr.av-av_hr-99f14bf94a9bfba477f6d7c4121b8648{\nmargin-top:30px;\nmargin-bottom:30px;\n}\n.hr.av-av_hr-99f14bf94a9bfba477f6d7c4121b8648 .hr-inner{\nwidth:20%;\nborder-color:rgba(255,255,255,0.3);\nmax-width:45%;\n}\n.hr.av-av_hr-99f14bf94a9bfba477f6d7c4121b8648 .av-seperator-icon{\ncolor:#ffffff;\n}\n.hr.av-av_hr-99f14bf94a9bfba477f6d7c4121b8648 .av-seperator-icon.avia-svg-icon svg:first-child{\nfill:#ffffff;\nstroke:#ffffff;\n}\n<\/style>\n<div  class='hr av-av_hr-99f14bf94a9bfba477f6d7c4121b8648 hr-custom  avia-builder-el-9  el_after_av_heading  el_before_av_textblock  hr-center hr-icon-yes'><span class='hr-inner inner-border-av-border-thin'><span class=\"hr-inner-style\"><\/span><\/span><span class='av-seperator-icon avia-iconfont avia-font-entypo-fontello' data-av_icon='\ue8bf' data-av_iconfont='entypo-fontello' ><\/span><span class='hr-inner inner-border-av-border-thin'><span class=\"hr-inner-style\"><\/span><\/span><\/div><br \/>\n<section  class='av_textblock_section av-av_textblock-19a12f198b1da2c3944a3b081a9efba9 '   itemscope=\"itemscope\" itemtype=\"https:\/\/schema.org\/CreativeWork\" ><div class='avia_textblock av_inherit_color'  itemprop=\"text\" ><div role=\"form\" class=\"wpcf7\" id=\"wpcf7-f1421-o1\" lang=\"fr-FR\" dir=\"ltr\">\n<div class=\"screen-reader-response\"><\/div>\n<form action=\"\/en\/wp-json\/wp\/v2\/pages\/1331#wpcf7-f1421-o1\" method=\"post\" class=\"wpcf7-form\" novalidate=\"novalidate\">\n<div style=\"display: none;\">\n<input type=\"hidden\" name=\"_wpcf7\" value=\"1421\" \/>\n<input type=\"hidden\" name=\"_wpcf7_version\" value=\"5.1.3\" \/>\n<input type=\"hidden\" name=\"_wpcf7_locale\" value=\"fr_FR\" \/>\n<input type=\"hidden\" name=\"_wpcf7_unit_tag\" value=\"wpcf7-f1421-o1\" \/>\n<input type=\"hidden\" name=\"_wpcf7_container_post\" value=\"0\" \/>\n<\/div>\n<div class=\"flex_column av_one_half first\"> <span class=\"wpcf7-form-control-wrap your-name\"><input type=\"text\" name=\"your-name\" value=\"\" size=\"40\" class=\"wpcf7-form-control wpcf7-text wpcf7-validates-as-required\" aria-required=\"true\" aria-invalid=\"false\" placeholder=\"Your name\" \/><\/span> <\/div>\n<div class=\"flex_column av_one_half\"> <span class=\"wpcf7-form-control-wrap your-email\"><input type=\"email\" name=\"your-email\" value=\"\" size=\"40\" class=\"wpcf7-form-control wpcf7-text wpcf7-email wpcf7-validates-as-required wpcf7-validates-as-email\" aria-required=\"true\" aria-invalid=\"false\" placeholder=\"Your e-mail\" \/><\/span> <\/div>\n<div class=\"flex_column av_one_half first\"> <span class=\"wpcf7-form-control-wrap your-service\"><select name=\"your-service\" class=\"wpcf7-form-control wpcf7-select wpcf7-validates-as-required\" aria-required=\"true\" aria-invalid=\"false\"><option value=\"Services\">Services<\/option><option value=\"Office\">Office<\/option><option value=\"Chief executive\">Chief executive<\/option><option value=\"Sales department\">Sales department<\/option><option value=\"Quality Department\">Quality Department<\/option><\/select><\/span><\/div>\n<div class=\"flex_column av_one_half\"> <span class=\"wpcf7-form-control-wrap your-tel\"><input type=\"text\" name=\"your-tel\" value=\"\" size=\"40\" class=\"wpcf7-form-control wpcf7-text\" aria-invalid=\"false\" placeholder=\"Your phone number\" \/><\/span> <\/div>\n<div> <span class=\"wpcf7-form-control-wrap your-subject\"><input type=\"text\" name=\"your-subject\" value=\"\" size=\"40\" class=\"wpcf7-form-control wpcf7-text\" aria-invalid=\"false\" placeholder=\"Subject\" \/><\/span> <\/div>\n<div> <span class=\"wpcf7-form-control-wrap your-message\"><textarea name=\"your-message\" cols=\"40\" rows=\"6\" class=\"wpcf7-form-control wpcf7-textarea\" aria-invalid=\"false\" placeholder=\"Message\"><\/textarea><\/span> <\/div>\n<div style=\"color:#fff;\"><span class=\"wpcf7-form-control-wrap checkbox-RGPD\"><span class=\"wpcf7-form-control wpcf7-checkbox wpcf7-validates-as-required\"><span class=\"wpcf7-list-item first last\"><input type=\"checkbox\" name=\"checkbox-RGPD[]\" value=\"I agree to communicate my contact information to M\u00e9tral Fruits*\" \/><span class=\"wpcf7-list-item-label\">I agree to communicate my contact information to M\u00e9tral Fruits*<\/span><\/span><\/span><\/span><\/div>\n<div style=\"margin-top:10px; color:#fff;\"> <input type=\"submit\" value=\"SEND A MESSAGE\" class=\"wpcf7-form-control wpcf7-submit\" \/><\/div>\n<div>\n<p style=\"font-size:12px; color:#fff;\">* The requested information is needed to process your request. In accordance with our <a href=\"https:\/\/www.metral-fruits.com\/en\/rgpd\/\"> data protection<\/a>, M\u00e9tral fruits pledges to refrain from divulging your contact details to third parties and from contacting you for any other reason without your consent. EVVO furthermore pledges to do everything in our power to ensure GDPR compliance<\/p>\n<div class=\"wpcf7-response-output wpcf7-display-none\"><\/div><\/form><\/div>\n<\/div><\/section><\/p><\/div><\/div><!--close column table wrapper. Autoclose: 1 -->\n","protected":false},"excerpt":{"rendered":"","protected":false},"author":1,"featured_media":0,"parent":0,"menu_order":0,"comment_status":"open","ping_status":"open","template":"","meta":{"footnotes":""},"class_list":["post-1331","page","type-page","status-publish","hentry"],"yoast_head":"<!-- This site is optimized with the Yoast SEO plugin v27.3 - https:\/\/yoast.com\/product\/yoast-seo-wordpress\/ -->\n<title>Contact us - M\u00e9tral Fruits<\/title>\n<meta name=\"description\" content=\"Contact us\" \/>\n<meta name=\"robots\" content=\"index, follow, max-snippet:-1, max-image-preview:large, max-video-preview:-1\" \/>\n<link rel=\"canonical\" href=\"https:\/\/www.metral-fruits.com\/contact\/\" \/>\n<meta property=\"og:locale\" content=\"en_US\" \/>\n<meta property=\"og:type\" content=\"article\" \/>\n<meta property=\"og:title\" content=\"Contact us - M\u00e9tral Fruits\" \/>\n<meta property=\"og:description\" content=\"Contact us\" \/>\n<meta property=\"og:url\" content=\"https:\/\/www.metral-fruits.com\/contact\/\" \/>\n<meta property=\"og:site_name\" content=\"M\u00e9tral Fruits\" \/>\n<meta property=\"article:modified_time\" content=\"2016-08-04T14:08:04+00:00\" \/>\n<meta name=\"twitter:card\" content=\"summary_large_image\" \/>\n<meta name=\"twitter:label1\" content=\"Est. reading time\" \/>\n\t<meta name=\"twitter:data1\" content=\"3 minutes\" \/>\n<script type=\"application\/ld+json\" class=\"yoast-schema-graph\">{\"@context\":\"https:\\\/\\\/schema.org\",\"@graph\":[{\"@type\":\"WebPage\",\"@id\":\"https:\\\/\\\/www.metral-fruits.com\\\/contact\\\/\",\"url\":\"https:\\\/\\\/www.metral-fruits.com\\\/contact\\\/\",\"name\":\"Contact us - M\u00e9tral Fruits\",\"isPartOf\":{\"@id\":\"https:\\\/\\\/www.metral-fruits.com\\\/#website\"},\"datePublished\":\"2014-08-24T17:28:24+00:00\",\"dateModified\":\"2016-08-04T14:08:04+00:00\",\"description\":\"Contact us\",\"breadcrumb\":{\"@id\":\"https:\\\/\\\/www.metral-fruits.com\\\/contact\\\/#breadcrumb\"},\"inLanguage\":\"en-US\",\"potentialAction\":[{\"@type\":\"ReadAction\",\"target\":[\"https:\\\/\\\/www.metral-fruits.com\\\/contact\\\/\"]}]},{\"@type\":\"BreadcrumbList\",\"@id\":\"https:\\\/\\\/www.metral-fruits.com\\\/contact\\\/#breadcrumb\",\"itemListElement\":[{\"@type\":\"ListItem\",\"position\":1,\"name\":\"Accueil\",\"item\":\"https:\\\/\\\/www.metral-fruits.com\\\/en\\\/\"},{\"@type\":\"ListItem\",\"position\":2,\"name\":\"Contact us\"}]},{\"@type\":\"WebSite\",\"@id\":\"https:\\\/\\\/www.metral-fruits.com\\\/#website\",\"url\":\"https:\\\/\\\/www.metral-fruits.com\\\/\",\"name\":\"M\u00e9tral Fruits\",\"description\":\"Exp\u00e9diteur de fruits de la Vall\u00e9e du Rh\u00f4ne\",\"potentialAction\":[{\"@type\":\"SearchAction\",\"target\":{\"@type\":\"EntryPoint\",\"urlTemplate\":\"https:\\\/\\\/www.metral-fruits.com\\\/?s={search_term_string}\"},\"query-input\":{\"@type\":\"PropertyValueSpecification\",\"valueRequired\":true,\"valueName\":\"search_term_string\"}}],\"inLanguage\":\"en-US\"}]}<\/script>\n<!-- \/ Yoast SEO plugin. -->","yoast_head_json":{"title":"Contact us - M\u00e9tral Fruits","description":"Contact us","robots":{"index":"index","follow":"follow","max-snippet":"max-snippet:-1","max-image-preview":"max-image-preview:large","max-video-preview":"max-video-preview:-1"},"canonical":"https:\/\/www.metral-fruits.com\/contact\/","og_locale":"en_US","og_type":"article","og_title":"Contact us - M\u00e9tral Fruits","og_description":"Contact us","og_url":"https:\/\/www.metral-fruits.com\/contact\/","og_site_name":"M\u00e9tral Fruits","article_modified_time":"2016-08-04T14:08:04+00:00","twitter_card":"summary_large_image","twitter_misc":{"Est. reading time":"3 minutes"},"schema":{"@context":"https:\/\/schema.org","@graph":[{"@type":"WebPage","@id":"https:\/\/www.metral-fruits.com\/contact\/","url":"https:\/\/www.metral-fruits.com\/contact\/","name":"Contact us - M\u00e9tral Fruits","isPartOf":{"@id":"https:\/\/www.metral-fruits.com\/#website"},"datePublished":"2014-08-24T17:28:24+00:00","dateModified":"2016-08-04T14:08:04+00:00","description":"Contact us","breadcrumb":{"@id":"https:\/\/www.metral-fruits.com\/contact\/#breadcrumb"},"inLanguage":"en-US","potentialAction":[{"@type":"ReadAction","target":["https:\/\/www.metral-fruits.com\/contact\/"]}]},{"@type":"BreadcrumbList","@id":"https:\/\/www.metral-fruits.com\/contact\/#breadcrumb","itemListElement":[{"@type":"ListItem","position":1,"name":"Accueil","item":"https:\/\/www.metral-fruits.com\/en\/"},{"@type":"ListItem","position":2,"name":"Contact us"}]},{"@type":"WebSite","@id":"https:\/\/www.metral-fruits.com\/#website","url":"https:\/\/www.metral-fruits.com\/","name":"M\u00e9tral Fruits","description":"Exp\u00e9diteur de fruits de la Vall\u00e9e du Rh\u00f4ne","potentialAction":[{"@type":"SearchAction","target":{"@type":"EntryPoint","urlTemplate":"https:\/\/www.metral-fruits.com\/?s={search_term_string}"},"query-input":{"@type":"PropertyValueSpecification","valueRequired":true,"valueName":"search_term_string"}}],"inLanguage":"en-US"}]}},"_links":{"self":[{"href":"https:\/\/www.metral-fruits.com\/en\/wp-json\/wp\/v2\/pages\/1331","targetHints":{"allow":["GET"]}}],"collection":[{"href":"https:\/\/www.metral-fruits.com\/en\/wp-json\/wp\/v2\/pages"}],"about":[{"href":"https:\/\/www.metral-fruits.com\/en\/wp-json\/wp\/v2\/types\/page"}],"author":[{"embeddable":true,"href":"https:\/\/www.metral-fruits.com\/en\/wp-json\/wp\/v2\/users\/1"}],"replies":[{"embeddable":true,"href":"https:\/\/www.metral-fruits.com\/en\/wp-json\/wp\/v2\/comments?post=1331"}],"version-history":[{"count":3,"href":"https:\/\/www.metral-fruits.com\/en\/wp-json\/wp\/v2\/pages\/1331\/revisions"}],"predecessor-version":[{"id":1422,"href":"https:\/\/www.metral-fruits.com\/en\/wp-json\/wp\/v2\/pages\/1331\/revisions\/1422"}],"wp:attachment":[{"href":"https:\/\/www.metral-fruits.com\/en\/wp-json\/wp\/v2\/media?parent=1331"}],"curies":[{"name":"wp","href":"https:\/\/api.w.org\/{rel}","templated":true}]}}